{"id":1026,"date":"2016-03-31T09:14:50","date_gmt":"2016-03-31T08:14:50","guid":{"rendered":"http:\/\/www.ardacol.fr\/?page_id=1026"},"modified":"2016-04-02T17:18:53","modified_gmt":"2016-04-02T16:18:53","slug":"partie-introduction","status":"publish","type":"page","link":"http:\/\/www.ardacol.fr\/index.php\/niveau-sixieme-6eme\/realiser-un-objet-qui-roule\/partie-introduction\/","title":{"rendered":"Partie introduction"},"content":{"rendered":"<p>Fiche \u00e9l\u00e8ve :<\/p>\n<ul>\n<li><span style=\"color: #0000ff;\"><a style=\"color: #0000ff;\" href=\"http:\/\/www.ardacol.fr\/wp-content\/uploads\/2016\/03\/Fiche-eleve-.pdf\">Fichier PDF<\/a>,\u00a0<a style=\"color: #0000ff;\" href=\"http:\/\/www.ardacol.fr\/wp-content\/uploads\/2016\/03\/Fiche-eleve-.docx\">Fichier Word<\/a><\/span><\/li>\n<li><span style=\"color: #0000ff;\"><a style=\"color: #0000ff;\" href=\"http:\/\/www.ardacol.fr\/wp-content\/uploads\/2016\/03\/Dessin-technique.pdf\">Feuille dessin technique PDF<\/a><\/span><\/li>\n<\/ul>\n<p>Ressources :<\/p>\n<ul>\n<li><span style=\"color: #0000ff;\"><a style=\"color: #0000ff;\" href=\"http:\/\/www.ardacol.fr\/wp-content\/uploads\/2016\/03\/Composants.pdf\">Composants PDF<\/a>,\u00a0<a style=\"color: #0000ff;\" href=\"http:\/\/www.ardacol.fr\/wp-content\/uploads\/2016\/03\/Composants.pptx\">Composants PawerPoint<\/a><\/span><\/li>\n<li><span style=\"color: #0000ff;\"><a style=\"color: #0000ff;\" href=\"http:\/\/www.ardacol.fr\/wp-content\/uploads\/2016\/03\/Outils1.pdf\">Outils PDF<\/a>,\u00a0<a style=\"color: #0000ff;\" href=\"http:\/\/www.ardacol.fr\/wp-content\/uploads\/2016\/03\/Outils.pptx\">Outils PawerPoint<\/a><\/span><\/li>\n<\/ul>\n<p>Fiche professeur :<\/p>\n<ul>\n<li><span style=\"color: #0000ff;\"><a style=\"color: #0000ff;\" href=\"http:\/\/www.ardacol.fr\/wp-content\/uploads\/2016\/03\/Fiche-profeseur-.pdf\">Fiche professeur PDF<\/a>,\u00a0<a style=\"color: #0000ff;\" href=\"http:\/\/www.ardacol.fr\/wp-content\/uploads\/2016\/03\/Fiche-profeseur-.docx\">Fiche professeur Word<\/a><\/span><\/li>\n<\/ul>\n<p>Dans la fiche \u00e9l\u00e8ve suivante les \u00e9l\u00e8ves doivent r\u00e9pondre aux questions en utilisant les ressources (Composants et outils), ils mesureront certains composants en utilisant un r\u00e9glet, ensuite on fera la correction au tableau pour \u00a0permettre \u00e0 tout le monde de comprendre \u00e0 comment r\u00e9pondre \u00e0 la question n\u00b04(Sch\u00e9ma \u00e0 compl\u00e9ter), une fois fait ils r\u00e9aliseront des croquis de la forme de l&rsquo;objet qu&rsquo;ils souhaitent avoir et en fin on passera au dessin technique en leur expliquant ce que est la vue de gauche, du haut &#8230;.quelques r\u00e8gles du dessin technique.<\/p>\n<ul>\n<li><span style=\"text-decoration: underline;\"><strong>Fiche \u00e9l\u00e8ve:<\/strong><\/span><\/li>\n<\/ul>\n<hr \/>\n<p>&nbsp;<\/p>\n<p><img decoding=\"async\" class=\"alignnone size-full wp-image-1053\" src=\"http:\/\/www.ardacol.fr\/wp-content\/uploads\/2016\/03\/Fiche-eleve-1.jpg\" alt=\"Fiche eleve 1\" width=\"100%\" height=\"100%\" srcset=\"http:\/\/www.ardacol.fr\/wp-content\/uploads\/2016\/03\/Fiche-eleve-1.jpg 874w, http:\/\/www.ardacol.fr\/wp-content\/uploads\/2016\/03\/Fiche-eleve-1-300x173.jpg 300w, http:\/\/www.ardacol.fr\/wp-content\/uploads\/2016\/03\/Fiche-eleve-1-250x144.jpg 250w\" sizes=\"(max-width: 874px) 100vw, 874px\" \/><\/p>\n<p><img decoding=\"async\" class=\"alignnone size-full wp-image-1055\" src=\"http:\/\/www.ardacol.fr\/wp-content\/uploads\/2016\/03\/Fiche-eleve-2.jpg\" alt=\"Fiche eleve 2\" width=\"100%\" height=\"100%\" srcset=\"http:\/\/www.ardacol.fr\/wp-content\/uploads\/2016\/03\/Fiche-eleve-2.jpg 905w, http:\/\/www.ardacol.fr\/wp-content\/uploads\/2016\/03\/Fiche-eleve-2-300x169.jpg 300w, http:\/\/www.ardacol.fr\/wp-content\/uploads\/2016\/03\/Fiche-eleve-2-250x141.jpg 250w\" sizes=\"(max-width: 905px) 100vw, 905px\" \/><\/p>\n<p><img decoding=\"async\" class=\"alignnone size-full wp-image-1056\" src=\"http:\/\/www.ardacol.fr\/wp-content\/uploads\/2016\/03\/Fiche-eleve-3.jpg\" alt=\"Fiche eleve 3\" width=\"100%\" height=\"100%\" srcset=\"http:\/\/www.ardacol.fr\/wp-content\/uploads\/2016\/03\/Fiche-eleve-3.jpg 919w, http:\/\/www.ardacol.fr\/wp-content\/uploads\/2016\/03\/Fiche-eleve-3-300x41.jpg 300w, http:\/\/www.ardacol.fr\/wp-content\/uploads\/2016\/03\/Fiche-eleve-3-250x34.jpg 250w\" sizes=\"(max-width: 919px) 100vw, 919px\" \/><\/p>\n<hr \/>\n<p><span style=\"color: #0000ff;\">&lt;<a style=\"color: #0000ff;\" href=\"http:\/\/www.ardacol.fr\/index.php\/niveau-sixieme-6eme\/realiser-un-objet-qui-roule\/\">&lt;Retour au projet<\/a>\u00a0\u00a0 \u00a0 \u00a0 \u00a0 \u00a0 \u00a0 \u00a0 \u00a0 \u00a0 \u00a0 \u00a0 \u00a0 \u00a0 \u00a0 \u00a0 \u00a0 \u00a0 \u00a0 \u00a0 \u00a0 \u00a0 \u00a0 \u00a0 \u00a0 \u00a0 \u00a0 \u00a0 \u00a0 \u00a0 \u00a0 \u00a0 \u00a0 \u00a0 \u00a0 \u00a0 \u00a0 \u00a0 \u00a0 \u00a0 \u00a0 \u00a0 \u00a0 \u00a0 \u00a0<a style=\"color: #0000ff;\" href=\"http:\/\/www.ardacol.fr\/index.php\/niveau-sixieme-6eme\/realiser-un-objet-qui-roule\/partie-mecanique\/\">Partie m\u00e9canique &gt;&gt;<\/a><\/span><\/p>\n<p>&nbsp;<\/p>\n<p>&nbsp;<\/p>\n","protected":false},"excerpt":{"rendered":"<p>Fiche \u00e9l\u00e8ve : Fichier PDF,\u00a0Fichier Word Feuille dessin technique PDF Ressources : Composants PDF,\u00a0Composants PawerPoint Outils PDF,\u00a0Outils PawerPoint Fiche professeur : Fiche professeur PDF,\u00a0Fiche professeur Word Dans la fiche \u00e9l\u00e8ve suivante les \u00e9l\u00e8ves doivent r\u00e9pondre aux questions en utilisant les ressources (Composants et outils), ils mesureront certains composants en utilisant un r\u00e9glet, ensuite on fera [&hellip;]<\/p>\n","protected":false},"author":1,"featured_media":0,"parent":1061,"menu_order":1,"comment_status":"closed","ping_status":"closed","template":"template-fullwidth.php","meta":{"footnotes":""},"class_list":["post-1026","page","type-page","status-publish","hentry"],"_links":{"self":[{"href":"http:\/\/www.ardacol.fr\/index.php\/wp-json\/wp\/v2\/pages\/1026","targetHints":{"allow":["GET"]}}],"collection":[{"href":"http:\/\/www.ardacol.fr\/index.php\/wp-json\/wp\/v2\/pages"}],"about":[{"href":"http:\/\/www.ardacol.fr\/index.php\/wp-json\/wp\/v2\/types\/page"}],"author":[{"embeddable":true,"href":"http:\/\/www.ardacol.fr\/index.php\/wp-json\/wp\/v2\/users\/1"}],"replies":[{"embeddable":true,"href":"http:\/\/www.ardacol.fr\/index.php\/wp-json\/wp\/v2\/comments?post=1026"}],"version-history":[{"count":15,"href":"http:\/\/www.ardacol.fr\/index.php\/wp-json\/wp\/v2\/pages\/1026\/revisions"}],"predecessor-version":[{"id":1104,"href":"http:\/\/www.ardacol.fr\/index.php\/wp-json\/wp\/v2\/pages\/1026\/revisions\/1104"}],"up":[{"embeddable":true,"href":"http:\/\/www.ardacol.fr\/index.php\/wp-json\/wp\/v2\/pages\/1061"}],"wp:attachment":[{"href":"http:\/\/www.ardacol.fr\/index.php\/wp-json\/wp\/v2\/media?parent=1026"}],"curies":[{"name":"wp","href":"https:\/\/api.w.org\/{rel}","templated":true}]}}