{"id":1028,"date":"2016-03-31T09:15:48","date_gmt":"2016-03-31T08:15:48","guid":{"rendered":"http:\/\/www.ardacol.fr\/?page_id=1028"},"modified":"2016-04-02T17:26:51","modified_gmt":"2016-04-02T16:26:51","slug":"partie-mecanique","status":"publish","type":"page","link":"http:\/\/www.ardacol.fr\/index.php\/niveau-sixieme-6eme\/realiser-un-objet-qui-roule\/partie-mecanique\/","title":{"rendered":"Partie m\u00e9canique"},"content":{"rendered":"<p><span style=\"color: #99cc00;\">Fiche \u00e9l\u00e8ve:<\/span><\/p>\n<ul>\n<li><span style=\"color: #0000ff;\"><a style=\"color: #0000ff;\" href=\"http:\/\/www.ardacol.fr\/wp-content\/uploads\/2016\/03\/Fiche-eleve-1.pdf\">Fichier PDF<\/a>,\u00a0<a style=\"color: #0000ff;\" href=\"http:\/\/www.ardacol.fr\/wp-content\/uploads\/2016\/03\/Fiche-eleve-1.docx\">Fichier Word<\/a><\/span><\/li>\n<\/ul>\n<p><span style=\"color: #99cc00;\">Ressources et mat\u00e9riels n\u00e9cessaires:<\/span><\/p>\n<ul>\n<li>Dessin technique r\u00e9alis\u00e9 dans la partie introduction<\/li>\n<li>R\u00e9glet<\/li>\n<li>Cisaille<\/li>\n<li>Mat\u00e9riaux thermoplastique<\/li>\n<li>Thermoplieuse, perceuse et pistolet \u00e0 colle, les composants.<\/li>\n<\/ul>\n<p>En suivant les \u00e9tapes indiqu\u00e9es dans la <strong>fiche \u00e9l\u00e8ve<\/strong> et \u00e0 l&rsquo;aide du professeur, les\u00a0\u00e9l\u00e8ves passeront \u00e0 la pratique et \u00e0 l\u2019utilisation du mat\u00e9riel de la salle de technologie.<\/p>\n<p><strong><span style=\"text-decoration: underline;\">Fiche \u00e9l\u00e8ve:<\/span><\/strong><\/p>\n<hr \/>\n<p>&nbsp;<\/p>\n<p><img decoding=\"async\" class=\"alignnone size-full wp-image-1069\" src=\"http:\/\/www.ardacol.fr\/wp-content\/uploads\/2016\/03\/Fiche-eleve-11.jpg\" alt=\"Fiche eleve 1\" width=\"100%\" height=\"100%\" srcset=\"http:\/\/www.ardacol.fr\/wp-content\/uploads\/2016\/03\/Fiche-eleve-11.jpg 1042w, http:\/\/www.ardacol.fr\/wp-content\/uploads\/2016\/03\/Fiche-eleve-11-300x76.jpg 300w, http:\/\/www.ardacol.fr\/wp-content\/uploads\/2016\/03\/Fiche-eleve-11-1024x260.jpg 1024w, http:\/\/www.ardacol.fr\/wp-content\/uploads\/2016\/03\/Fiche-eleve-11-250x64.jpg 250w\" sizes=\"(max-width: 1042px) 100vw, 1042px\" \/><\/p>\n<p><img decoding=\"async\" class=\"alignnone size-full wp-image-1070\" src=\"http:\/\/www.ardacol.fr\/wp-content\/uploads\/2016\/03\/Fiche-eleve-21.jpg\" alt=\"Fiche eleve 2\" width=\"100%\" height=\"100%\" srcset=\"http:\/\/www.ardacol.fr\/wp-content\/uploads\/2016\/03\/Fiche-eleve-21.jpg 1036w, http:\/\/www.ardacol.fr\/wp-content\/uploads\/2016\/03\/Fiche-eleve-21-300x98.jpg 300w, http:\/\/www.ardacol.fr\/wp-content\/uploads\/2016\/03\/Fiche-eleve-21-1024x336.jpg 1024w, http:\/\/www.ardacol.fr\/wp-content\/uploads\/2016\/03\/Fiche-eleve-21-250x82.jpg 250w\" sizes=\"(max-width: 1036px) 100vw, 1036px\" \/><\/p>\n<hr \/>\n<p><span style=\"color: #ff9900;\"><a style=\"color: #ff9900;\" href=\"http:\/\/www.ardacol.fr\/wp-content\/uploads\/2015\/08\/Panneau-dexclamation.png\"><img loading=\"lazy\" decoding=\"async\" class=\"wp-image-121 alignleft\" src=\"http:\/\/www.ardacol.fr\/wp-content\/uploads\/2015\/08\/Panneau-dexclamation.png\" alt=\"Panneau d'exclamation\" width=\"21\" height=\"19\" \/><\/a>\u00a0Je partagerai dans les mois prochains les productions de mes \u00e9l\u00e8ves.<\/span><\/p>\n<hr \/>\n<p>&nbsp;<\/p>\n<p><span style=\"color: #0000ff;\"><a style=\"color: #0000ff;\" href=\"http:\/\/www.ardacol.fr\/index.php\/niveau-sixieme-6eme\/realiser-un-objet-qui-roule\/partie-introduction\/\">&lt;&lt; Partie introduction<\/a>\u00a0 \u00a0 \u00a0 \u00a0 \u00a0 \u00a0 \u00a0 \u00a0 \u00a0 \u00a0 \u00a0 \u00a0&lt;<a style=\"color: #0000ff;\" href=\"http:\/\/www.ardacol.fr\/index.php\/niveau-sixieme-6eme\/realiser-un-objet-qui-roule\/\">&lt;Retour au projet<\/a>\u00a0&gt;&gt; \u00a0 \u00a0 \u00a0 \u00a0 \u00a0 \u00a0 \u00a0 \u00a0 \u00a0 \u00a0 \u00a0 \u00a0 \u00a0\u00a0<a style=\"color: #0000ff;\" href=\"http:\/\/www.ardacol.fr\/index.php\/niveau-sixieme-6eme\/realiser-un-objet-qui-roule\/partie-electronique\/\">Partie \u00e9lectronique&gt;&gt;<\/a><\/span><\/p>\n","protected":false},"excerpt":{"rendered":"<p>Fiche \u00e9l\u00e8ve: Fichier PDF,\u00a0Fichier Word Ressources et mat\u00e9riels n\u00e9cessaires: Dessin technique r\u00e9alis\u00e9 dans la partie introduction R\u00e9glet Cisaille Mat\u00e9riaux thermoplastique Thermoplieuse, perceuse et pistolet \u00e0 colle, les composants. En suivant les \u00e9tapes indiqu\u00e9es dans la fiche \u00e9l\u00e8ve et \u00e0 l&rsquo;aide du professeur, les\u00a0\u00e9l\u00e8ves passeront \u00e0 la pratique et \u00e0 l\u2019utilisation du mat\u00e9riel de la salle [&hellip;]<\/p>\n","protected":false},"author":1,"featured_media":0,"parent":1061,"menu_order":2,"comment_status":"closed","ping_status":"closed","template":"template-fullwidth.php","meta":{"footnotes":""},"class_list":["post-1028","page","type-page","status-publish","hentry"],"_links":{"self":[{"href":"http:\/\/www.ardacol.fr\/index.php\/wp-json\/wp\/v2\/pages\/1028","targetHints":{"allow":["GET"]}}],"collection":[{"href":"http:\/\/www.ardacol.fr\/index.php\/wp-json\/wp\/v2\/pages"}],"about":[{"href":"http:\/\/www.ardacol.fr\/index.php\/wp-json\/wp\/v2\/types\/page"}],"author":[{"embeddable":true,"href":"http:\/\/www.ardacol.fr\/index.php\/wp-json\/wp\/v2\/users\/1"}],"replies":[{"embeddable":true,"href":"http:\/\/www.ardacol.fr\/index.php\/wp-json\/wp\/v2\/comments?post=1028"}],"version-history":[{"count":14,"href":"http:\/\/www.ardacol.fr\/index.php\/wp-json\/wp\/v2\/pages\/1028\/revisions"}],"predecessor-version":[{"id":1106,"href":"http:\/\/www.ardacol.fr\/index.php\/wp-json\/wp\/v2\/pages\/1028\/revisions\/1106"}],"up":[{"embeddable":true,"href":"http:\/\/www.ardacol.fr\/index.php\/wp-json\/wp\/v2\/pages\/1061"}],"wp:attachment":[{"href":"http:\/\/www.ardacol.fr\/index.php\/wp-json\/wp\/v2\/media?parent=1028"}],"curies":[{"name":"wp","href":"https:\/\/api.w.org\/{rel}","templated":true}]}}