{"id":1030,"date":"2016-03-31T09:16:32","date_gmt":"2016-03-31T08:16:32","guid":{"rendered":"http:\/\/www.ardacol.fr\/?page_id=1030"},"modified":"2016-04-02T17:32:38","modified_gmt":"2016-04-02T16:32:38","slug":"partie-electronique","status":"publish","type":"page","link":"http:\/\/www.ardacol.fr\/index.php\/niveau-sixieme-6eme\/realiser-un-objet-qui-roule\/partie-electronique\/","title":{"rendered":"Partie \u00e9lectronique"},"content":{"rendered":"<p><span style=\"color: #99cc00;\">Fiche \u00e9l\u00e8ve :\u00a0<\/span><\/p>\n<ul>\n<li><span style=\"color: #0000ff;\"><a style=\"color: #0000ff;\" href=\"http:\/\/www.ardacol.fr\/wp-content\/uploads\/2016\/03\/Fiche-eleve-2.pdf\">Fichier PDF<\/a>,\u00a0<a style=\"color: #0000ff;\" href=\"http:\/\/www.ardacol.fr\/wp-content\/uploads\/2016\/03\/Fiche-eleve-2.docx\">Fichier Word<\/a><\/span><\/li>\n<\/ul>\n<p><span style=\"color: #99cc00;\">Fiche professeur : <\/span><\/p>\n<ul>\n<li><span style=\"color: #0000ff;\"><a style=\"color: #0000ff;\" href=\"http:\/\/www.ardacol.fr\/wp-content\/uploads\/2016\/03\/Fiche-professeur.pdf\">Fichier PDF<\/a>,\u00a0<a style=\"color: #0000ff;\" href=\"http:\/\/www.ardacol.fr\/wp-content\/uploads\/2016\/03\/Fiche-professeur.docx\">Fichier Word<\/a>\u00a0<\/span><\/li>\n<\/ul>\n<p><span style=\"color: #99cc00;\">Ressources et mat\u00e9riels n\u00e9cessaires :\u00a0<\/span><\/p>\n<ul>\n<li>Sch\u00e9ma de c\u00e2blage<\/li>\n<li>Fer \u00e0 souder, \u00e9tain et fils \u00e9lectriques<\/li>\n<\/ul>\n<p>C&rsquo;est la toute derni\u00e8re partie du projet, ici les \u00e9l\u00e8ves d\u00e9couvriront les composants qui servent \u00e0 stocker, distribuer, convertir et transmettre l&rsquo;\u00e9nergie, comment sont-ils lies (sch\u00e9mas \u00e9lectriques), apprendre \u00e0 r\u00e9aliser des brasures \u00e0 l&rsquo;\u00e9tain et \u00e0 faire des tests.<\/p>\n<p><strong><span style=\"text-decoration: underline;\">Fiche \u00e9l\u00e8ve :<\/span>\u00a0<\/strong><\/p>\n<hr \/>\n<p><strong><img decoding=\"async\" class=\"alignnone size-full wp-image-1092\" src=\"http:\/\/www.ardacol.fr\/wp-content\/uploads\/2016\/03\/Fiche-eleve-12.jpg\" alt=\"Fiche eleve 1\" width=\"100%\" height=\"100%\" srcset=\"http:\/\/www.ardacol.fr\/wp-content\/uploads\/2016\/03\/Fiche-eleve-12.jpg 1050w, http:\/\/www.ardacol.fr\/wp-content\/uploads\/2016\/03\/Fiche-eleve-12-300x147.jpg 300w, http:\/\/www.ardacol.fr\/wp-content\/uploads\/2016\/03\/Fiche-eleve-12-1024x500.jpg 1024w, http:\/\/www.ardacol.fr\/wp-content\/uploads\/2016\/03\/Fiche-eleve-12-250x122.jpg 250w\" sizes=\"(max-width: 1050px) 100vw, 1050px\" \/><\/strong><\/p>\n<p><img decoding=\"async\" class=\"alignnone size-full wp-image-1093\" src=\"http:\/\/www.ardacol.fr\/wp-content\/uploads\/2016\/03\/Fiche-eleve-22.jpg\" alt=\"Fiche eleve 2\" width=\"100%\" height=\"100%\" srcset=\"http:\/\/www.ardacol.fr\/wp-content\/uploads\/2016\/03\/Fiche-eleve-22.jpg 1023w, http:\/\/www.ardacol.fr\/wp-content\/uploads\/2016\/03\/Fiche-eleve-22-300x153.jpg 300w, http:\/\/www.ardacol.fr\/wp-content\/uploads\/2016\/03\/Fiche-eleve-22-250x128.jpg 250w\" sizes=\"(max-width: 1023px) 100vw, 1023px\" \/><\/p>\n<hr \/>\n<p><a style=\"color: #ff9900;\" href=\"http:\/\/www.ardacol.fr\/wp-content\/uploads\/2015\/08\/Panneau-dexclamation.png\"><img loading=\"lazy\" decoding=\"async\" class=\"wp-image-121 alignleft\" src=\"http:\/\/www.ardacol.fr\/wp-content\/uploads\/2015\/08\/Panneau-dexclamation.png\" alt=\"Panneau d'exclamation\" width=\"21\" height=\"19\" \/><\/a><\/p>\n<p><span style=\"color: #ff6600;\">Je partagerai dans les mois prochains les productions de mes \u00e9l\u00e8ves.<\/span><\/p>\n<hr \/>\n<p>&nbsp;<\/p>\n<p><span style=\"color: #0000ff;\"><a style=\"color: #0000ff;\" href=\"http:\/\/www.ardacol.fr\/index.php\/niveau-sixieme-6eme\/realiser-un-objet-qui-roule\/partie-mecanique\/\">&lt;&lt; Partie m\u00e9canique<\/a>\u00a0 \u00a0 \u00a0 \u00a0 \u00a0 \u00a0 \u00a0 \u00a0 \u00a0 \u00a0 \u00a0 \u00a0 \u00a0\u00a0\u00a0 \u00a0 \u00a0 \u00a0 \u00a0&lt;<a style=\"color: #0000ff;\" href=\"http:\/\/www.ardacol.fr\/index.php\/niveau-sixieme-6eme\/realiser-un-objet-qui-roule\/\">&lt;Retour au projet<\/a>\u00a0&gt;&gt; \u00a0 \u00a0 \u00a0 \u00a0 \u00a0 \u00a0 \u00a0 \u00a0 \u00a0 \u00a0 \u00a0 \u00a0 \u00a0\u00a0<\/span><\/p>\n<p>&nbsp;<\/p>\n","protected":false},"excerpt":{"rendered":"<p>Fiche \u00e9l\u00e8ve :\u00a0 Fichier PDF,\u00a0Fichier Word Fiche professeur : Fichier PDF,\u00a0Fichier Word\u00a0 Ressources et mat\u00e9riels n\u00e9cessaires :\u00a0 Sch\u00e9ma de c\u00e2blage Fer \u00e0 souder, \u00e9tain et fils \u00e9lectriques C&rsquo;est la toute derni\u00e8re partie du projet, ici les \u00e9l\u00e8ves d\u00e9couvriront les composants qui servent \u00e0 stocker, distribuer, convertir et transmettre l&rsquo;\u00e9nergie, comment sont-ils lies (sch\u00e9mas \u00e9lectriques), apprendre [&hellip;]<\/p>\n","protected":false},"author":1,"featured_media":0,"parent":1061,"menu_order":3,"comment_status":"closed","ping_status":"closed","template":"template-fullwidth.php","meta":{"footnotes":""},"class_list":["post-1030","page","type-page","status-publish","hentry"],"_links":{"self":[{"href":"http:\/\/www.ardacol.fr\/index.php\/wp-json\/wp\/v2\/pages\/1030","targetHints":{"allow":["GET"]}}],"collection":[{"href":"http:\/\/www.ardacol.fr\/index.php\/wp-json\/wp\/v2\/pages"}],"about":[{"href":"http:\/\/www.ardacol.fr\/index.php\/wp-json\/wp\/v2\/types\/page"}],"author":[{"embeddable":true,"href":"http:\/\/www.ardacol.fr\/index.php\/wp-json\/wp\/v2\/users\/1"}],"replies":[{"embeddable":true,"href":"http:\/\/www.ardacol.fr\/index.php\/wp-json\/wp\/v2\/comments?post=1030"}],"version-history":[{"count":8,"href":"http:\/\/www.ardacol.fr\/index.php\/wp-json\/wp\/v2\/pages\/1030\/revisions"}],"predecessor-version":[{"id":1107,"href":"http:\/\/www.ardacol.fr\/index.php\/wp-json\/wp\/v2\/pages\/1030\/revisions\/1107"}],"up":[{"embeddable":true,"href":"http:\/\/www.ardacol.fr\/index.php\/wp-json\/wp\/v2\/pages\/1061"}],"wp:attachment":[{"href":"http:\/\/www.ardacol.fr\/index.php\/wp-json\/wp\/v2\/media?parent=1030"}],"curies":[{"name":"wp","href":"https:\/\/api.w.org\/{rel}","templated":true}]}}