{"id":1166,"date":"2017-02-05T11:40:18","date_gmt":"2017-02-05T10:40:18","guid":{"rendered":"http:\/\/www.ardacol.fr\/?page_id=1166"},"modified":"2017-02-05T12:36:47","modified_gmt":"2017-02-05T11:36:47","slug":"tp0","status":"publish","type":"page","link":"http:\/\/www.ardacol.fr\/index.php\/niveau-troisieme-4eme\/tp0\/","title":{"rendered":"TP0"},"content":{"rendered":"<p>Fiche TP<\/p>\n<ul>\n<li><span style=\"color: #0000ff;\"><a style=\"color: #0000ff;\" href=\"http:\/\/www.ardacol.fr\/wp-content\/uploads\/2017\/02\/0-Fiche-TP-.pdf\">Fichier PDF<\/a>,\u00a0<a style=\"color: #0000ff;\" href=\"http:\/\/www.ardacol.fr\/wp-content\/uploads\/2017\/02\/1-Fiche-TP-.docx\">Fichier Word<\/a><\/span><\/li>\n<\/ul>\n<p>Ressources :<\/p>\n<ul>\n<li><span style=\"color: #0000ff;\"><a style=\"color: #0000ff;\" href=\"http:\/\/www.ardacol.fr\/wp-content\/uploads\/2017\/02\/1-Branchement.pdf\">Branchement PDF<\/a>,\u00a0<a style=\"color: #0000ff;\" href=\"http:\/\/www.ardacol.fr\/wp-content\/uploads\/2017\/02\/2-Branchement.docx\">Branchement Word<\/a><\/span><\/li>\n<li><span style=\"color: #0000ff;\"><a style=\"color: #0000ff;\" href=\"http:\/\/www.ardacol.fr\/wp-content\/uploads\/2017\/02\/3-T\u00e9l\u00e9verser.pdf\">T\u00e9l\u00e9versement PDF<\/a>,\u00a0<a style=\"color: #0000ff;\" href=\"http:\/\/www.ardacol.fr\/wp-content\/uploads\/2017\/02\/3-T\u00e9l\u00e9verser.docx\">T\u00e9l\u00e9versement Word<\/a><\/span><\/li>\n<\/ul>\n<p>Correction :<\/p>\n<ul>\n<li><span style=\"color: #ff0000;\"><a style=\"color: #ff0000;\" href=\"https:\/\/drive.google.com\/open?id=0Bwdoyc3NlWZWaDNMVjQ0THNKUEU\" target=\"_blank\">LED.abp, Eteindre_apr\u00e8s_1_seconde.abp, Allume_5_fois.abp, clignote_infinie.abp<\/a><\/span><\/li>\n<\/ul>\n<p>Mat\u00e9riels n\u00e9cessaires :<\/p>\n<ul>\n<li>Carte Arduino avec grove base shield ,c\u00e2ble USB A\/B, bouton poussoir, LED<\/li>\n<\/ul>\n<p>Logiciel :<\/p>\n<ul>\n<li>ArduBlock (Arduino Augment\u00e9)<\/li>\n<\/ul>\n<p>Temps n\u00e9cessaire :<\/p>\n<ul>\n<li>1 heures<\/li>\n<\/ul>\n<hr \/>\n<p>En utilisant les ressources et le mat\u00e9riel mis \u00e0 leurs dispositions, les \u00e9l\u00e8ves doivent r\u00e9pondre \u00e0 la<strong> fiche TP<\/strong> suivante :<\/p>\n<p><img loading=\"lazy\" decoding=\"async\" class=\"alignnone size-full wp-image-1175\" src=\"http:\/\/www.ardacol.fr\/wp-content\/uploads\/2017\/02\/TP0_0.jpg\" alt=\"\" width=\"703\" height=\"478\" srcset=\"http:\/\/www.ardacol.fr\/wp-content\/uploads\/2017\/02\/TP0_0.jpg 703w, http:\/\/www.ardacol.fr\/wp-content\/uploads\/2017\/02\/TP0_0-300x204.jpg 300w, http:\/\/www.ardacol.fr\/wp-content\/uploads\/2017\/02\/TP0_0-250x170.jpg 250w\" sizes=\"auto, (max-width: 703px) 100vw, 703px\" \/><\/p>\n<p><img loading=\"lazy\" decoding=\"async\" class=\"alignnone size-full wp-image-1178\" src=\"http:\/\/www.ardacol.fr\/wp-content\/uploads\/2017\/02\/TP0_1.jpg\" alt=\"\" width=\"814\" height=\"396\" srcset=\"http:\/\/www.ardacol.fr\/wp-content\/uploads\/2017\/02\/TP0_1.jpg 814w, http:\/\/www.ardacol.fr\/wp-content\/uploads\/2017\/02\/TP0_1-300x146.jpg 300w, http:\/\/www.ardacol.fr\/wp-content\/uploads\/2017\/02\/TP0_1-768x374.jpg 768w, http:\/\/www.ardacol.fr\/wp-content\/uploads\/2017\/02\/TP0_1-250x122.jpg 250w\" sizes=\"auto, (max-width: 814px) 100vw, 814px\" \/><\/p>\n<p><img loading=\"lazy\" decoding=\"async\" class=\"alignnone size-full wp-image-1179\" src=\"http:\/\/www.ardacol.fr\/wp-content\/uploads\/2017\/02\/TP0_2.jpg\" alt=\"\" width=\"881\" height=\"245\" srcset=\"http:\/\/www.ardacol.fr\/wp-content\/uploads\/2017\/02\/TP0_2.jpg 881w, http:\/\/www.ardacol.fr\/wp-content\/uploads\/2017\/02\/TP0_2-300x83.jpg 300w, http:\/\/www.ardacol.fr\/wp-content\/uploads\/2017\/02\/TP0_2-768x214.jpg 768w, http:\/\/www.ardacol.fr\/wp-content\/uploads\/2017\/02\/TP0_2-250x70.jpg 250w\" sizes=\"auto, (max-width: 881px) 100vw, 881px\" \/><\/p>\n<hr \/>\n<p>&nbsp;<\/p>\n","protected":false},"excerpt":{"rendered":"<p>Fiche TP Fichier PDF,\u00a0Fichier Word Ressources : Branchement PDF,\u00a0Branchement Word T\u00e9l\u00e9versement PDF,\u00a0T\u00e9l\u00e9versement Word Correction : LED.abp, Eteindre_apr\u00e8s_1_seconde.abp, Allume_5_fois.abp, clignote_infinie.abp Mat\u00e9riels n\u00e9cessaires : Carte Arduino avec grove base shield ,c\u00e2ble USB A\/B, bouton poussoir, LED Logiciel : ArduBlock (Arduino Augment\u00e9) Temps n\u00e9cessaire : 1 heures En utilisant les ressources et le mat\u00e9riel mis \u00e0 leurs dispositions, [&hellip;]<\/p>\n","protected":false},"author":1,"featured_media":0,"parent":21,"menu_order":2,"comment_status":"closed","ping_status":"closed","template":"template-fullwidth.php","meta":{"footnotes":""},"class_list":["post-1166","page","type-page","status-publish","hentry"],"_links":{"self":[{"href":"http:\/\/www.ardacol.fr\/index.php\/wp-json\/wp\/v2\/pages\/1166","targetHints":{"allow":["GET"]}}],"collection":[{"href":"http:\/\/www.ardacol.fr\/index.php\/wp-json\/wp\/v2\/pages"}],"about":[{"href":"http:\/\/www.ardacol.fr\/index.php\/wp-json\/wp\/v2\/types\/page"}],"author":[{"embeddable":true,"href":"http:\/\/www.ardacol.fr\/index.php\/wp-json\/wp\/v2\/users\/1"}],"replies":[{"embeddable":true,"href":"http:\/\/www.ardacol.fr\/index.php\/wp-json\/wp\/v2\/comments?post=1166"}],"version-history":[{"count":8,"href":"http:\/\/www.ardacol.fr\/index.php\/wp-json\/wp\/v2\/pages\/1166\/revisions"}],"predecessor-version":[{"id":1174,"href":"http:\/\/www.ardacol.fr\/index.php\/wp-json\/wp\/v2\/pages\/1166\/revisions\/1174"}],"up":[{"embeddable":true,"href":"http:\/\/www.ardacol.fr\/index.php\/wp-json\/wp\/v2\/pages\/21"}],"wp:attachment":[{"href":"http:\/\/www.ardacol.fr\/index.php\/wp-json\/wp\/v2\/media?parent=1166"}],"curies":[{"name":"wp","href":"https:\/\/api.w.org\/{rel}","templated":true}]}}