{"id":1185,"date":"2017-02-06T17:48:52","date_gmt":"2017-02-06T16:48:52","guid":{"rendered":"http:\/\/www.ardacol.fr\/?page_id=1185"},"modified":"2017-02-06T18:26:30","modified_gmt":"2017-02-06T17:26:30","slug":"tp1-eclairage-automatique","status":"publish","type":"page","link":"http:\/\/www.ardacol.fr\/index.php\/niveau-troisieme-4eme\/tp1-eclairage-automatique\/","title":{"rendered":"TP1 : Eclairage automatique"},"content":{"rendered":"<p>Fiche TP :<\/p>\n<ul>\n<li><span style=\"color: #0000ff;\"><a style=\"color: #0000ff;\" href=\"http:\/\/www.ardacol.fr\/wp-content\/uploads\/2017\/02\/0-Fiche-TP-1-1.pdf\">Fichier PDF<\/a>,\u00a0<a style=\"color: #0000ff;\" href=\"http:\/\/www.ardacol.fr\/wp-content\/uploads\/2017\/02\/1-Fiche-TP-1-1.docx\">Fichier Word<\/a><\/span><\/li>\n<\/ul>\n<p>Ressources :<\/p>\n<ul>\n<li><span style=\"color: #0000ff;\"><a style=\"color: #0000ff;\" href=\"http:\/\/www.ardacol.fr\/wp-content\/uploads\/2017\/02\/1Composants.pdf\">Composants PDF<\/a>,<a style=\"color: #0000ff;\" href=\"http:\/\/www.ardacol.fr\/wp-content\/uploads\/2017\/02\/Composants.docx\">Composants Word<\/a><\/span><\/li>\n<li><span style=\"color: #0000ff;\">\u00a0<a style=\"color: #0000ff;\" href=\"http:\/\/www.ardacol.fr\/wp-content\/uploads\/2017\/02\/2-Branchement.pdf\">Branchement PDF<\/a>,\u00a0<a style=\"color: #0000ff;\" href=\"http:\/\/www.ardacol.fr\/wp-content\/uploads\/2017\/02\/2-Branchement-1.docx\">Branchement Word<\/a><\/span><\/li>\n<li><span style=\"color: #0000ff;\"><a style=\"color: #0000ff;\" href=\"http:\/\/www.ardacol.fr\/wp-content\/uploads\/2017\/02\/3-Ouvrir.pdf\">Ouvrir PDF<\/a>,\u00a0<a style=\"color: #0000ff;\" href=\"http:\/\/www.ardacol.fr\/wp-content\/uploads\/2017\/02\/3-Ouvrir.docx\">Ouvrir Word<\/a><\/span><\/li>\n<\/ul>\n<p>Correction :<\/p>\n<p><a href=\"https:\/\/drive.google.com\/open?id=0Bwdoyc3NlWZWTTB2cXgwVTk1WVU\" target=\"_blank\"><span style=\"color: #ff0000;\">Eclairage.abp, Eclairage correction.abp, Clignote.abp<\/span><\/a><\/p>\n<p>Mat\u00e9riels n\u00e9cessaires :<\/p>\n<ul>\n<li>Carte Arduino avec grove base shield ,c\u00e2ble USB A\/B, bouton poussoir, LED, d\u00e9tecteur de mouvement, capteur Ultrason.<\/li>\n<\/ul>\n<p>Logiciel n\u00e9cessaire :<\/p>\n<ul>\n<li>ArduBlock (Arduino Augment\u00e9)<\/li>\n<\/ul>\n<p>Temps :<\/p>\n<ul>\n<li>1 heures<\/li>\n<\/ul>\n<p>&nbsp;<\/p>\n<hr \/>\n<p>Les \u00e9l\u00e8ves doivent utiliser le mat\u00e9riel et les ressources mises \u00e0 leurs dispositions pour r\u00e9pondre \u00e0 la <strong>fiche TP<\/strong> suivante :<\/p>\n<p><img loading=\"lazy\" decoding=\"async\" class=\"wp-image-1194 size-full alignleft\" src=\"http:\/\/www.ardacol.fr\/wp-content\/uploads\/2017\/02\/TP1_0.jpg\" width=\"1032\" height=\"449\" srcset=\"http:\/\/www.ardacol.fr\/wp-content\/uploads\/2017\/02\/TP1_0.jpg 1032w, http:\/\/www.ardacol.fr\/wp-content\/uploads\/2017\/02\/TP1_0-300x131.jpg 300w, http:\/\/www.ardacol.fr\/wp-content\/uploads\/2017\/02\/TP1_0-768x334.jpg 768w, http:\/\/www.ardacol.fr\/wp-content\/uploads\/2017\/02\/TP1_0-1024x446.jpg 1024w, http:\/\/www.ardacol.fr\/wp-content\/uploads\/2017\/02\/TP1_0-250x109.jpg 250w\" sizes=\"auto, (max-width: 1032px) 100vw, 1032px\" \/><\/p>\n<p><img loading=\"lazy\" decoding=\"async\" class=\"wp-image-1195 size-full alignleft\" src=\"http:\/\/www.ardacol.fr\/wp-content\/uploads\/2017\/02\/TP1_1.jpg\" width=\"1027\" height=\"419\" srcset=\"http:\/\/www.ardacol.fr\/wp-content\/uploads\/2017\/02\/TP1_1.jpg 1027w, http:\/\/www.ardacol.fr\/wp-content\/uploads\/2017\/02\/TP1_1-300x122.jpg 300w, http:\/\/www.ardacol.fr\/wp-content\/uploads\/2017\/02\/TP1_1-768x313.jpg 768w, http:\/\/www.ardacol.fr\/wp-content\/uploads\/2017\/02\/TP1_1-1024x418.jpg 1024w, http:\/\/www.ardacol.fr\/wp-content\/uploads\/2017\/02\/TP1_1-250x102.jpg 250w\" sizes=\"auto, (max-width: 1027px) 100vw, 1027px\" \/><\/p>\n<p><img loading=\"lazy\" decoding=\"async\" class=\"wp-image-1196 size-full alignleft\" src=\"http:\/\/www.ardacol.fr\/wp-content\/uploads\/2017\/02\/TP1_2.jpg\" width=\"1011\" height=\"497\" srcset=\"http:\/\/www.ardacol.fr\/wp-content\/uploads\/2017\/02\/TP1_2.jpg 1011w, http:\/\/www.ardacol.fr\/wp-content\/uploads\/2017\/02\/TP1_2-300x147.jpg 300w, http:\/\/www.ardacol.fr\/wp-content\/uploads\/2017\/02\/TP1_2-768x378.jpg 768w, http:\/\/www.ardacol.fr\/wp-content\/uploads\/2017\/02\/TP1_2-250x123.jpg 250w\" sizes=\"auto, (max-width: 1011px) 100vw, 1011px\" \/><\/p>\n<hr \/>\n<p>&nbsp;<\/p>\n","protected":false},"excerpt":{"rendered":"<p>Fiche TP : Fichier PDF,\u00a0Fichier Word Ressources : Composants PDF,Composants Word \u00a0Branchement PDF,\u00a0Branchement Word Ouvrir PDF,\u00a0Ouvrir Word Correction : Eclairage.abp, Eclairage correction.abp, Clignote.abp Mat\u00e9riels n\u00e9cessaires : Carte Arduino avec grove base shield ,c\u00e2ble USB A\/B, bouton poussoir, LED, d\u00e9tecteur de mouvement, capteur Ultrason. Logiciel n\u00e9cessaire : ArduBlock (Arduino Augment\u00e9) Temps : 1 heures &nbsp; Les [&hellip;]<\/p>\n","protected":false},"author":1,"featured_media":0,"parent":21,"menu_order":2,"comment_status":"closed","ping_status":"closed","template":"template-fullwidth.php","meta":{"footnotes":""},"class_list":["post-1185","page","type-page","status-publish","hentry"],"_links":{"self":[{"href":"http:\/\/www.ardacol.fr\/index.php\/wp-json\/wp\/v2\/pages\/1185","targetHints":{"allow":["GET"]}}],"collection":[{"href":"http:\/\/www.ardacol.fr\/index.php\/wp-json\/wp\/v2\/pages"}],"about":[{"href":"http:\/\/www.ardacol.fr\/index.php\/wp-json\/wp\/v2\/types\/page"}],"author":[{"embeddable":true,"href":"http:\/\/www.ardacol.fr\/index.php\/wp-json\/wp\/v2\/users\/1"}],"replies":[{"embeddable":true,"href":"http:\/\/www.ardacol.fr\/index.php\/wp-json\/wp\/v2\/comments?post=1185"}],"version-history":[{"count":8,"href":"http:\/\/www.ardacol.fr\/index.php\/wp-json\/wp\/v2\/pages\/1185\/revisions"}],"predecessor-version":[{"id":1206,"href":"http:\/\/www.ardacol.fr\/index.php\/wp-json\/wp\/v2\/pages\/1185\/revisions\/1206"}],"up":[{"embeddable":true,"href":"http:\/\/www.ardacol.fr\/index.php\/wp-json\/wp\/v2\/pages\/21"}],"wp:attachment":[{"href":"http:\/\/www.ardacol.fr\/index.php\/wp-json\/wp\/v2\/media?parent=1185"}],"curies":[{"name":"wp","href":"https:\/\/api.w.org\/{rel}","templated":true}]}}