{"id":1241,"date":"2017-03-22T19:46:32","date_gmt":"2017-03-22T18:46:32","guid":{"rendered":"http:\/\/www.ardacol.fr\/?page_id=1241"},"modified":"2017-03-22T20:20:34","modified_gmt":"2017-03-22T19:20:34","slug":"tp3-signal-sos-visuel-version-2017","status":"publish","type":"page","link":"http:\/\/www.ardacol.fr\/index.php\/niveau-troisieme-4eme\/tp3-signal-sos-visuel-version-2017\/","title":{"rendered":"TP2: Signal SOS visuel version 2017"},"content":{"rendered":"<p>Fiche TP :<\/p>\n<ul>\n<li><span style=\"color: #0000ff;\"><a style=\"color: #0000ff;\" href=\"http:\/\/www.ardacol.fr\/wp-content\/uploads\/2017\/03\/0Fiche-eleve-.pdf\">Ficher PDF<\/a>,\u00a0<a style=\"color: #0000ff;\" href=\"http:\/\/www.ardacol.fr\/wp-content\/uploads\/2017\/03\/Fiche-eleve-.docx\">Ficher Word<\/a><\/span><\/li>\n<\/ul>\n<p>Ressources :<\/p>\n<ul>\n<li><span style=\"color: #0000ff;\"><a style=\"color: #0000ff;\" href=\"http:\/\/www.ardacol.fr\/wp-content\/uploads\/2017\/03\/1Signal-SOS.pdf\">Signal SOS<\/a><\/span><\/li>\n<li><span style=\"color: #0000ff;\"><a style=\"color: #0000ff;\" href=\"http:\/\/www.ardacol.fr\/wp-content\/uploads\/2017\/03\/2Composants.pdf\">Composants<\/a><\/span><\/li>\n<li><span style=\"color: #0000ff;\"><a style=\"color: #0000ff;\" href=\"http:\/\/www.ardacol.fr\/wp-content\/uploads\/2017\/03\/3-Branchement.pdf\">Branchement<\/a><\/span><\/li>\n<li><span style=\"color: #0000ff;\"><a style=\"color: #0000ff;\" href=\"http:\/\/www.ardacol.fr\/wp-content\/uploads\/2017\/03\/4-Ouvrir.pdf\">Ouvrir<\/a><\/span><\/li>\n<\/ul>\n<p>Correction :<\/p>\n<ul>\n<li><a href=\"https:\/\/drive.google.com\/open?id=0Bwdoyc3NlWZWMi0zWFdEeVNvRzQ\" target=\"_blank\"><span style=\"color: #ff0000;\">Signal_SOS.abp, Signal_SOS_Correction.abp<\/span><\/a><\/li>\n<\/ul>\n<p>Mat\u00e9riels n\u00e9cessaires :<\/p>\n<ul>\n<li>Carte Arduino avec grove base shield ,c\u00e2ble USB A\/B, bouton poussoir, LED.<\/li>\n<\/ul>\n<p>Logiciel n\u00e9cessaire :<\/p>\n<ul>\n<li>ArduBlock (Arduino Augment\u00e9)<\/li>\n<\/ul>\n<p>Temps :<\/p>\n<ul>\n<li>1h30<\/li>\n<\/ul>\n<hr \/>\n<p>Les \u00e9l\u00e8ve doivent r\u00e9aliser\u00a0le travail demand\u00e9 dans la fiche TP suivante en utilisant les coup de pouces (ressources).<\/p>\n<p><img loading=\"lazy\" decoding=\"async\" class=\"alignnone size-full wp-image-1248\" src=\"http:\/\/www.ardacol.fr\/wp-content\/uploads\/2017\/03\/SOS0.jpg\" alt=\"TP r\u00e9aliser un signal SOS en utilisant la technologie arduino \" width=\"881\" height=\"320\" srcset=\"http:\/\/www.ardacol.fr\/wp-content\/uploads\/2017\/03\/SOS0.jpg 881w, http:\/\/www.ardacol.fr\/wp-content\/uploads\/2017\/03\/SOS0-300x109.jpg 300w, http:\/\/www.ardacol.fr\/wp-content\/uploads\/2017\/03\/SOS0-768x279.jpg 768w, http:\/\/www.ardacol.fr\/wp-content\/uploads\/2017\/03\/SOS0-250x91.jpg 250w\" sizes=\"auto, (max-width: 881px) 100vw, 881px\" \/><\/p>\n<p><img loading=\"lazy\" decoding=\"async\" class=\"alignnone size-full wp-image-1251\" src=\"http:\/\/www.ardacol.fr\/wp-content\/uploads\/2017\/03\/SOS1.jpg\" alt=\"TP signal sos \u00e0 r\u00e9aliser en utilisant la technologie arduino\" width=\"926\" height=\"436\" srcset=\"http:\/\/www.ardacol.fr\/wp-content\/uploads\/2017\/03\/SOS1.jpg 926w, http:\/\/www.ardacol.fr\/wp-content\/uploads\/2017\/03\/SOS1-300x141.jpg 300w, http:\/\/www.ardacol.fr\/wp-content\/uploads\/2017\/03\/SOS1-768x362.jpg 768w, http:\/\/www.ardacol.fr\/wp-content\/uploads\/2017\/03\/SOS1-250x118.jpg 250w\" sizes=\"auto, (max-width: 926px) 100vw, 926px\" \/><\/p>\n<p><img loading=\"lazy\" decoding=\"async\" class=\"alignnone size-full wp-image-1252\" src=\"http:\/\/www.ardacol.fr\/wp-content\/uploads\/2017\/03\/SOS2.jpg\" alt=\"TP signal sos \u00e0 r\u00e9aliser en utilisant la technologie arduino\" width=\"943\" height=\"421\" srcset=\"http:\/\/www.ardacol.fr\/wp-content\/uploads\/2017\/03\/SOS2.jpg 943w, http:\/\/www.ardacol.fr\/wp-content\/uploads\/2017\/03\/SOS2-300x134.jpg 300w, http:\/\/www.ardacol.fr\/wp-content\/uploads\/2017\/03\/SOS2-768x343.jpg 768w, http:\/\/www.ardacol.fr\/wp-content\/uploads\/2017\/03\/SOS2-250x112.jpg 250w\" sizes=\"auto, (max-width: 943px) 100vw, 943px\" \/><\/p>\n<hr \/>\n<p>&nbsp;<\/p>\n<p>&nbsp;<\/p>\n","protected":false},"excerpt":{"rendered":"<p>Fiche TP : Ficher PDF,\u00a0Ficher Word Ressources : Signal SOS Composants Branchement Ouvrir Correction : Signal_SOS.abp, Signal_SOS_Correction.abp Mat\u00e9riels n\u00e9cessaires : Carte Arduino avec grove base shield ,c\u00e2ble USB A\/B, bouton poussoir, LED. Logiciel n\u00e9cessaire : ArduBlock (Arduino Augment\u00e9) Temps : 1h30 Les \u00e9l\u00e8ve doivent r\u00e9aliser\u00a0le travail demand\u00e9 dans la fiche TP suivante en utilisant les [&hellip;]<\/p>\n","protected":false},"author":1,"featured_media":0,"parent":21,"menu_order":2,"comment_status":"closed","ping_status":"closed","template":"template-fullwidth.php","meta":{"footnotes":""},"class_list":["post-1241","page","type-page","status-publish","hentry"],"_links":{"self":[{"href":"http:\/\/www.ardacol.fr\/index.php\/wp-json\/wp\/v2\/pages\/1241","targetHints":{"allow":["GET"]}}],"collection":[{"href":"http:\/\/www.ardacol.fr\/index.php\/wp-json\/wp\/v2\/pages"}],"about":[{"href":"http:\/\/www.ardacol.fr\/index.php\/wp-json\/wp\/v2\/types\/page"}],"author":[{"embeddable":true,"href":"http:\/\/www.ardacol.fr\/index.php\/wp-json\/wp\/v2\/users\/1"}],"replies":[{"embeddable":true,"href":"http:\/\/www.ardacol.fr\/index.php\/wp-json\/wp\/v2\/comments?post=1241"}],"version-history":[{"count":9,"href":"http:\/\/www.ardacol.fr\/index.php\/wp-json\/wp\/v2\/pages\/1241\/revisions"}],"predecessor-version":[{"id":1261,"href":"http:\/\/www.ardacol.fr\/index.php\/wp-json\/wp\/v2\/pages\/1241\/revisions\/1261"}],"up":[{"embeddable":true,"href":"http:\/\/www.ardacol.fr\/index.php\/wp-json\/wp\/v2\/pages\/21"}],"wp:attachment":[{"href":"http:\/\/www.ardacol.fr\/index.php\/wp-json\/wp\/v2\/media?parent=1241"}],"curies":[{"name":"wp","href":"https:\/\/api.w.org\/{rel}","templated":true}]}}