{"id":1266,"date":"2017-03-26T12:43:06","date_gmt":"2017-03-26T11:43:06","guid":{"rendered":"http:\/\/www.ardacol.fr\/?page_id=1266"},"modified":"2017-07-31T16:18:41","modified_gmt":"2017-07-31T15:18:41","slug":"chaine-fonctionnelle","status":"publish","type":"page","link":"http:\/\/www.ardacol.fr\/index.php\/niveau-troisieme\/realisation-dun-portail-automatique-pilote-par-un-smartphone\/chaine-fonctionnelle\/","title":{"rendered":"Cha\u00eene fonctionnelle"},"content":{"rendered":"<p>Fiches \u00e9l\u00e8ves :<\/p>\n<ul>\n<li><span style=\"color: #0000ff;\"><a style=\"color: #0000ff;\" href=\"http:\/\/www.ardacol.fr\/wp-content\/uploads\/2017\/03\/Fiche-\u00e9l\u00e8ve-.pdf\">Fichier PDF<\/a>,\u00a0<a style=\"color: #0000ff;\" href=\"http:\/\/www.ardacol.fr\/wp-content\/uploads\/2017\/03\/Fiche-\u00e9l\u00e8ve-.docx\">Fichier Word<\/a><\/span><\/li>\n<li><span style=\"color: #0000ff;\"><a style=\"color: #0000ff;\" href=\"http:\/\/www.ardacol.fr\/wp-content\/uploads\/2017\/03\/Composants-de-la-barri\u00e8re.pdf\">Composants de la barri\u00e8re PDF<\/a>,\u00a0<a style=\"color: #0000ff;\" href=\"http:\/\/www.ardacol.fr\/wp-content\/uploads\/2017\/03\/Composants-de-la-barri\u00e8re.docx\">Composants de la barri\u00e8re Word<\/a><\/span><\/li>\n<\/ul>\n<p>Progression :<\/p>\n<ul>\n<li><span style=\"color: #0000ff;\"><a style=\"color: #0000ff;\" href=\"http:\/\/www.ardacol.fr\/wp-content\/uploads\/2017\/03\/Progression-chaine-fonctionnelle-de-la-barri\u00e8re-automatique.xlsx\">Progression chaine fonctionnelle de la barri\u00e8re automatique<\/a><\/span><\/li>\n<\/ul>\n<p>&nbsp;<\/p>\n<hr \/>\n<p>Les composants de la cha\u00eene fonctionnelle de la barri\u00e8re automatique sont les suivants :<\/p>\n<p><img loading=\"lazy\" decoding=\"async\" class=\"alignnone size-full wp-image-1278\" src=\"http:\/\/www.ardacol.fr\/wp-content\/uploads\/2017\/03\/Les_composants.jpg\" alt=\"\" width=\"936\" height=\"299\" srcset=\"http:\/\/www.ardacol.fr\/wp-content\/uploads\/2017\/03\/Les_composants.jpg 936w, http:\/\/www.ardacol.fr\/wp-content\/uploads\/2017\/03\/Les_composants-300x96.jpg 300w, http:\/\/www.ardacol.fr\/wp-content\/uploads\/2017\/03\/Les_composants-768x245.jpg 768w, http:\/\/www.ardacol.fr\/wp-content\/uploads\/2017\/03\/Les_composants-250x80.jpg 250w\" sizes=\"auto, (max-width: 936px) 100vw, 936px\" \/><\/p>\n<p><img loading=\"lazy\" decoding=\"async\" class=\"alignnone size-full wp-image-1272\" src=\"http:\/\/www.ardacol.fr\/wp-content\/uploads\/2017\/03\/Chaine_fonctionnelle_0.jpg\" alt=\"\" width=\"832\" height=\"125\" srcset=\"http:\/\/www.ardacol.fr\/wp-content\/uploads\/2017\/03\/Chaine_fonctionnelle_0.jpg 832w, http:\/\/www.ardacol.fr\/wp-content\/uploads\/2017\/03\/Chaine_fonctionnelle_0-300x45.jpg 300w, http:\/\/www.ardacol.fr\/wp-content\/uploads\/2017\/03\/Chaine_fonctionnelle_0-768x115.jpg 768w, http:\/\/www.ardacol.fr\/wp-content\/uploads\/2017\/03\/Chaine_fonctionnelle_0-250x38.jpg 250w\" sizes=\"auto, (max-width: 832px) 100vw, 832px\" \/><\/p>\n<p><img loading=\"lazy\" decoding=\"async\" class=\"alignnone size-full wp-image-1273\" src=\"http:\/\/www.ardacol.fr\/wp-content\/uploads\/2017\/03\/Chaine_fonctionnelle_1.jpg\" alt=\"\" width=\"911\" height=\"510\" srcset=\"http:\/\/www.ardacol.fr\/wp-content\/uploads\/2017\/03\/Chaine_fonctionnelle_1.jpg 911w, http:\/\/www.ardacol.fr\/wp-content\/uploads\/2017\/03\/Chaine_fonctionnelle_1-300x168.jpg 300w, http:\/\/www.ardacol.fr\/wp-content\/uploads\/2017\/03\/Chaine_fonctionnelle_1-768x430.jpg 768w, http:\/\/www.ardacol.fr\/wp-content\/uploads\/2017\/03\/Chaine_fonctionnelle_1-250x140.jpg 250w\" sizes=\"auto, (max-width: 911px) 100vw, 911px\" \/><\/p>\n<p><img loading=\"lazy\" decoding=\"async\" class=\"alignnone size-full wp-image-1274\" src=\"http:\/\/www.ardacol.fr\/wp-content\/uploads\/2017\/03\/Chaine_fonctionnelle_2.jpg\" alt=\"\" width=\"1089\" height=\"333\" srcset=\"http:\/\/www.ardacol.fr\/wp-content\/uploads\/2017\/03\/Chaine_fonctionnelle_2.jpg 1089w, http:\/\/www.ardacol.fr\/wp-content\/uploads\/2017\/03\/Chaine_fonctionnelle_2-300x92.jpg 300w, http:\/\/www.ardacol.fr\/wp-content\/uploads\/2017\/03\/Chaine_fonctionnelle_2-768x235.jpg 768w, http:\/\/www.ardacol.fr\/wp-content\/uploads\/2017\/03\/Chaine_fonctionnelle_2-1024x313.jpg 1024w, http:\/\/www.ardacol.fr\/wp-content\/uploads\/2017\/03\/Chaine_fonctionnelle_2-250x76.jpg 250w\" sizes=\"auto, (max-width: 1089px) 100vw, 1089px\" \/><\/p>\n<hr \/>\n<p><a href=\"http:\/\/www.ardacol.fr\/index.php\/niveau-troisieme\/realisation-dun-portail-automatique-pilote-par-un-smartphone\/partie-introduction\/\"><span style=\"color: #0000ff;\">&lt;&lt;&lt; Introduction<\/span><\/a> \u00a0 \u00a0 \u00a0 \u00a0 \u00a0 \u00a0 \u00a0 \u00a0 \u00a0 \u00a0 \u00a0 \u00a0 \u00a0 \u00a0 \u00a0 \u00a0 \u00a0 \u00a0 \u00a0 \u00a0 \u00a0 \u00a0 \u00a0 \u00a0 \u00a0 \u00a0 \u00a0 \u00a0 \u00a0 \u00a0 \u00a0 \u00a0 \u00a0 \u00a0 \u00a0 \u00a0 \u00a0 \u00a0 \u00a0 \u00a0 \u00a0 \u00a0 \u00a0 \u00a0 \u00a0 \u00a0 \u00a0<span style=\"color: #0000ff;\"><a href=\"http:\/\/www.ardacol.fr\/index.php\/niveau-troisieme\/realisation-dun-portail-automatique-pilote-par-un-smartphone\/partie-mecanique\/\"><span style=\"color: #0000ff;\">Partie m\u00e9canique &gt;&gt;<\/span><\/a>&gt;<\/span><\/p>\n","protected":false},"excerpt":{"rendered":"<p>Fiches \u00e9l\u00e8ves : Fichier PDF,\u00a0Fichier Word Composants de la barri\u00e8re PDF,\u00a0Composants de la barri\u00e8re Word Progression : Progression chaine fonctionnelle de la barri\u00e8re automatique &nbsp; Les composants de la cha\u00eene fonctionnelle de la barri\u00e8re automatique sont les suivants : &lt;&lt;&lt; Introduction \u00a0 \u00a0 \u00a0 \u00a0 \u00a0 \u00a0 \u00a0 \u00a0 \u00a0 \u00a0 \u00a0 \u00a0 \u00a0 \u00a0 [&hellip;]<\/p>\n","protected":false},"author":1,"featured_media":0,"parent":1343,"menu_order":2,"comment_status":"closed","ping_status":"closed","template":"template-fullwidth.php","meta":{"footnotes":""},"class_list":["post-1266","page","type-page","status-publish","hentry"],"_links":{"self":[{"href":"http:\/\/www.ardacol.fr\/index.php\/wp-json\/wp\/v2\/pages\/1266","targetHints":{"allow":["GET"]}}],"collection":[{"href":"http:\/\/www.ardacol.fr\/index.php\/wp-json\/wp\/v2\/pages"}],"about":[{"href":"http:\/\/www.ardacol.fr\/index.php\/wp-json\/wp\/v2\/types\/page"}],"author":[{"embeddable":true,"href":"http:\/\/www.ardacol.fr\/index.php\/wp-json\/wp\/v2\/users\/1"}],"replies":[{"embeddable":true,"href":"http:\/\/www.ardacol.fr\/index.php\/wp-json\/wp\/v2\/comments?post=1266"}],"version-history":[{"count":10,"href":"http:\/\/www.ardacol.fr\/index.php\/wp-json\/wp\/v2\/pages\/1266\/revisions"}],"predecessor-version":[{"id":1411,"href":"http:\/\/www.ardacol.fr\/index.php\/wp-json\/wp\/v2\/pages\/1266\/revisions\/1411"}],"up":[{"embeddable":true,"href":"http:\/\/www.ardacol.fr\/index.php\/wp-json\/wp\/v2\/pages\/1343"}],"wp:attachment":[{"href":"http:\/\/www.ardacol.fr\/index.php\/wp-json\/wp\/v2\/media?parent=1266"}],"curies":[{"name":"wp","href":"https:\/\/api.w.org\/{rel}","templated":true}]}}