{"id":1283,"date":"2017-03-26T13:07:49","date_gmt":"2017-03-26T12:07:49","guid":{"rendered":"http:\/\/www.ardacol.fr\/?page_id=1283"},"modified":"2017-07-31T16:14:14","modified_gmt":"2017-07-31T15:14:14","slug":"partie-mecanique","status":"publish","type":"page","link":"http:\/\/www.ardacol.fr\/index.php\/niveau-troisieme\/realisation-dun-portail-automatique-pilote-par-un-smartphone\/partie-mecanique\/","title":{"rendered":"Partie m\u00e9canique"},"content":{"rendered":"<p>Fiches \u00e9l\u00e8ves :<\/p>\n<ul>\n<li><span style=\"color: #0000ff;\"><a style=\"color: #0000ff;\" href=\"http:\/\/www.ardacol.fr\/wp-content\/uploads\/2017\/03\/1-Rapport-partie-m\u00e9canique.pdf\">Fichier PDF<\/a>,\u00a0<a style=\"color: #0000ff;\" href=\"http:\/\/www.ardacol.fr\/wp-content\/uploads\/2017\/03\/Rapport-partie-m\u00e9canique.docx\">Fichier Word<\/a><\/span><\/li>\n<\/ul>\n<p>Ressources :<\/p>\n<ul>\n<li><span style=\"color: #0000ff;\"><a style=\"color: #0000ff;\" href=\"http:\/\/www.ardacol.fr\/wp-content\/uploads\/2017\/03\/2-Pi\u00e8ces-de-la-barri\u00e8re.pdf\">Pi\u00e8ces de la barri\u00e8re<\/a><\/span><\/li>\n<li><span style=\"color: #0000ff;\"><a style=\"color: #0000ff;\" href=\"http:\/\/www.ardacol.fr\/wp-content\/uploads\/2017\/03\/3-Site-internet.pdf\">Site internet<\/a><\/span><\/li>\n<li><span style=\"color: #0000ff;\"><a style=\"color: #0000ff;\" href=\"http:\/\/www.ardacol.fr\/wp-content\/uploads\/2017\/03\/4-Etapes-de-r\u00e9alisation-.pdf\">Etapes de r\u00e9alisation<\/a><\/span><\/li>\n<\/ul>\n<p>Progression :<\/p>\n<ul>\n<li><span style=\"color: #0000ff;\"><a style=\"color: #0000ff;\" href=\"http:\/\/www.ardacol.fr\/wp-content\/uploads\/2017\/03\/Progression-partie-m\u00e9canique-barri\u00e8re-automatique.xlsx\">Progression partie m\u00e9canique barri\u00e8re automatique<\/a><\/span><\/li>\n<\/ul>\n<hr \/>\n<p><img loading=\"lazy\" decoding=\"async\" class=\"alignnone size-full wp-image-1293\" src=\"http:\/\/www.ardacol.fr\/wp-content\/uploads\/2017\/03\/Rapport_0-1.jpg\" alt=\"\" width=\"987\" height=\"493\" srcset=\"http:\/\/www.ardacol.fr\/wp-content\/uploads\/2017\/03\/Rapport_0-1.jpg 987w, http:\/\/www.ardacol.fr\/wp-content\/uploads\/2017\/03\/Rapport_0-1-300x150.jpg 300w, http:\/\/www.ardacol.fr\/wp-content\/uploads\/2017\/03\/Rapport_0-1-768x384.jpg 768w, http:\/\/www.ardacol.fr\/wp-content\/uploads\/2017\/03\/Rapport_0-1-250x125.jpg 250w\" sizes=\"auto, (max-width: 987px) 100vw, 987px\" \/><\/p>\n<hr \/>\n<p><span style=\"color: #0000ff;\"><a href=\"http:\/\/www.ardacol.fr\/index.php\/niveau-troisieme\/realisation-dun-portail-automatique-pilote-par-un-smartphone\/chaine-fonctionnelle\/\"><span style=\"color: #0000ff;\">&lt;&lt;&lt; Cha\u00eene fonctionnelle<\/span><\/a>\u00a0 \u00a0 \u00a0 \u00a0 \u00a0 \u00a0 \u00a0 \u00a0 \u00a0 \u00a0 \u00a0 \u00a0 \u00a0 \u00a0 \u00a0 \u00a0 \u00a0 \u00a0 \u00a0 \u00a0 \u00a0 \u00a0 \u00a0 \u00a0 \u00a0 \u00a0 \u00a0 \u00a0 \u00a0 \u00a0 \u00a0 \u00a0 \u00a0 \u00a0 \u00a0 \u00a0 \u00a0 \u00a0<a href=\"http:\/\/www.ardacol.fr\/index.php\/niveau-troisieme\/realisation-dun-portail-automatique-pilote-par-un-smartphone\/partie-informatique\/\">\u00a0<span style=\"color: #0000ff;\">partie informatique &gt;&gt;&gt;<\/span><\/a><\/span><\/p>\n","protected":false},"excerpt":{"rendered":"<p>Fiches \u00e9l\u00e8ves : Fichier PDF,\u00a0Fichier Word Ressources : Pi\u00e8ces de la barri\u00e8re Site internet Etapes de r\u00e9alisation Progression : Progression partie m\u00e9canique barri\u00e8re automatique &lt;&lt;&lt; Cha\u00eene fonctionnelle\u00a0 \u00a0 \u00a0 \u00a0 \u00a0 \u00a0 \u00a0 \u00a0 \u00a0 \u00a0 \u00a0 \u00a0 \u00a0 \u00a0 \u00a0 \u00a0 \u00a0 \u00a0 \u00a0 \u00a0 \u00a0 \u00a0 \u00a0 \u00a0 \u00a0 \u00a0 \u00a0 \u00a0 \u00a0 [&hellip;]<\/p>\n","protected":false},"author":1,"featured_media":0,"parent":1343,"menu_order":3,"comment_status":"closed","ping_status":"closed","template":"template-fullwidth.php","meta":{"footnotes":""},"class_list":["post-1283","page","type-page","status-publish","hentry"],"_links":{"self":[{"href":"http:\/\/www.ardacol.fr\/index.php\/wp-json\/wp\/v2\/pages\/1283","targetHints":{"allow":["GET"]}}],"collection":[{"href":"http:\/\/www.ardacol.fr\/index.php\/wp-json\/wp\/v2\/pages"}],"about":[{"href":"http:\/\/www.ardacol.fr\/index.php\/wp-json\/wp\/v2\/types\/page"}],"author":[{"embeddable":true,"href":"http:\/\/www.ardacol.fr\/index.php\/wp-json\/wp\/v2\/users\/1"}],"replies":[{"embeddable":true,"href":"http:\/\/www.ardacol.fr\/index.php\/wp-json\/wp\/v2\/comments?post=1283"}],"version-history":[{"count":5,"href":"http:\/\/www.ardacol.fr\/index.php\/wp-json\/wp\/v2\/pages\/1283\/revisions"}],"predecessor-version":[{"id":1407,"href":"http:\/\/www.ardacol.fr\/index.php\/wp-json\/wp\/v2\/pages\/1283\/revisions\/1407"}],"up":[{"embeddable":true,"href":"http:\/\/www.ardacol.fr\/index.php\/wp-json\/wp\/v2\/pages\/1343"}],"wp:attachment":[{"href":"http:\/\/www.ardacol.fr\/index.php\/wp-json\/wp\/v2\/media?parent=1283"}],"curies":[{"name":"wp","href":"https:\/\/api.w.org\/{rel}","templated":true}]}}