{"id":1315,"date":"2017-06-26T07:50:49","date_gmt":"2017-06-26T06:50:49","guid":{"rendered":"http:\/\/www.ardacol.fr\/?page_id=1315"},"modified":"2017-07-31T16:10:20","modified_gmt":"2017-07-31T15:10:20","slug":"partie-informatique","status":"publish","type":"page","link":"http:\/\/www.ardacol.fr\/index.php\/niveau-troisieme\/realisation-dun-portail-automatique-pilote-par-un-smartphone\/partie-informatique\/","title":{"rendered":"Partie informatique"},"content":{"rendered":"<p>La partie informatique est divis\u00e9e en deux :<\/p>\n<ul>\n<li>1-Application de commande (Qui donne les ordres)<\/li>\n<li>2-Programmation de la carte ARDUINO \u00a0(Qui ex\u00e9cute les ordres)<\/li>\n<\/ul>\n<hr \/>\n<h2>1-Application de commande :<\/h2>\n<p>Fiche \u00e9l\u00e8ve:<\/p>\n<ul>\n<li><span style=\"color: #800000;\"><span style=\"color: #0000ff;\"><a href=\"http:\/\/www.ardacol.fr\/wp-content\/uploads\/2017\/06\/Fiche-\u00e9l\u00e8ve_2-.pdf\"><span style=\"color: #0000ff;\">Fichier PDF<\/span><\/a>,\u00a0<\/span><a href=\"http:\/\/www.ardacol.fr\/wp-content\/uploads\/2017\/06\/Fiche-\u00e9l\u00e8ve-.docx\"><span style=\"color: #0000ff;\">Fichier Word<\/span>\u00a0<\/a><\/span><\/li>\n<\/ul>\n<p>Progression :<\/p>\n<ul>\n<li><span style=\"color: #0000ff;\"><a href=\"http:\/\/www.ardacol.fr\/wp-content\/uploads\/2017\/06\/Progression-r\u00e9alisation-dapplication-de-commande-\u00e0-distance.xlsx\"><span style=\"color: #0000ff;\">Progressions \u00ab\u00a0application\u00a0\u00bb barri\u00e8re automatique<\/span><\/a><\/span><\/li>\n<\/ul>\n<p><strong>Travail \u00e0 faire:<\/strong><\/p>\n<p>Suivre les instructions du document suivant afin de r\u00e9aliser une application \u00a0permettant d&rsquo;allumer et d&rsquo;\u00e9teindre une LED, par la suite faire les modification n\u00e9cessaires pour r\u00e9aliser l&rsquo;application de commande de la barri\u00e8re automatique.<\/p>\n<ul>\n<li><a href=\"http:\/\/www.ardacol.fr\/index.php\/application-led-dans-lenvironnement-appinventor\/\" target=\"_blank\" rel=\"noopener\"><span style=\"color: #0000ff;\">\u00c9tapes \u00e0 suivre pour r\u00e9aliser l&rsquo;application<\/span>\u00a0<\/a><\/li>\n<\/ul>\n<hr \/>\n<h2>2-Programmation de la carte Arduino :<\/h2>\n<p>&nbsp;<\/p>\n<ul>\n<li><span style=\"color: #0000ff;\"><a href=\"http:\/\/www.ardacol.fr\/wp-content\/uploads\/2017\/06\/Fiche-\u00e9l\u00e8ve-1-1.docx\"><span style=\"color: #0000ff;\">Fiche \u00e9l\u00e8ve<\/span><\/a><\/span><\/li>\n<li><a href=\"https:\/\/drive.google.com\/open?id=0Bwdoyc3NlWZWZzJVLUllM2lsdTg\" target=\"_blank\" rel=\"noopener\"><span style=\"color: #ff0000;\">Programme corrig\u00e9 pour prof\u00a0<\/span><\/a><\/li>\n<li><a href=\"https:\/\/drive.google.com\/open?id=0Bwdoyc3NlWZWeDhsWGs0RkVPWEE\" target=\"_blank\" rel=\"noopener\"><span style=\"color: #0000ff;\">Programme barri\u00e8re \u00e0 modifier par les \u00e9l\u00e8ves\u00a0<\/span><\/a><\/li>\n<\/ul>\n<p>Ici on demande pas aux \u00e9l\u00e8ves de r\u00e9aliser le programme eux m\u00eame mais plut\u00f4t ils doivent rassembler les instructions suivantes de sorte que le syst\u00e8me fonctionne.<\/p>\n<p><img loading=\"lazy\" decoding=\"async\" class=\"alignnone size-full wp-image-1398\" src=\"http:\/\/www.ardacol.fr\/wp-content\/uploads\/2017\/06\/Programme-barri\u00e8re-\u00e0-modifier.jpg\" alt=\"\" width=\"799\" height=\"591\" srcset=\"http:\/\/www.ardacol.fr\/wp-content\/uploads\/2017\/06\/Programme-barri\u00e8re-\u00e0-modifier.jpg 799w, http:\/\/www.ardacol.fr\/wp-content\/uploads\/2017\/06\/Programme-barri\u00e8re-\u00e0-modifier-300x222.jpg 300w, http:\/\/www.ardacol.fr\/wp-content\/uploads\/2017\/06\/Programme-barri\u00e8re-\u00e0-modifier-768x568.jpg 768w, http:\/\/www.ardacol.fr\/wp-content\/uploads\/2017\/06\/Programme-barri\u00e8re-\u00e0-modifier-250x185.jpg 250w\" sizes=\"auto, (max-width: 799px) 100vw, 799px\" \/><\/p>\n<hr \/>\n<p><a href=\"http:\/\/www.ardacol.fr\/index.php\/niveau-troisieme\/realisation-dun-portail-automatique-pilote-par-un-smartphone\/partie-mecanique\/\"><span style=\"color: #0000ff;\">&lt;&lt;&lt;Partie m\u00e9canique<\/span><\/a><\/p>\n","protected":false},"excerpt":{"rendered":"<p>La partie informatique est divis\u00e9e en deux : 1-Application de commande (Qui donne les ordres) 2-Programmation de la carte ARDUINO \u00a0(Qui ex\u00e9cute les ordres) 1-Application de commande : Fiche \u00e9l\u00e8ve: Fichier PDF,\u00a0Fichier Word\u00a0 Progression : Progressions \u00ab\u00a0application\u00a0\u00bb barri\u00e8re automatique Travail \u00e0 faire: Suivre les instructions du document suivant afin de r\u00e9aliser une application \u00a0permettant d&rsquo;allumer [&hellip;]<\/p>\n","protected":false},"author":1,"featured_media":0,"parent":1343,"menu_order":4,"comment_status":"closed","ping_status":"closed","template":"template-fullwidth.php","meta":{"footnotes":""},"class_list":["post-1315","page","type-page","status-publish","hentry"],"_links":{"self":[{"href":"http:\/\/www.ardacol.fr\/index.php\/wp-json\/wp\/v2\/pages\/1315","targetHints":{"allow":["GET"]}}],"collection":[{"href":"http:\/\/www.ardacol.fr\/index.php\/wp-json\/wp\/v2\/pages"}],"about":[{"href":"http:\/\/www.ardacol.fr\/index.php\/wp-json\/wp\/v2\/types\/page"}],"author":[{"embeddable":true,"href":"http:\/\/www.ardacol.fr\/index.php\/wp-json\/wp\/v2\/users\/1"}],"replies":[{"embeddable":true,"href":"http:\/\/www.ardacol.fr\/index.php\/wp-json\/wp\/v2\/comments?post=1315"}],"version-history":[{"count":22,"href":"http:\/\/www.ardacol.fr\/index.php\/wp-json\/wp\/v2\/pages\/1315\/revisions"}],"predecessor-version":[{"id":1404,"href":"http:\/\/www.ardacol.fr\/index.php\/wp-json\/wp\/v2\/pages\/1315\/revisions\/1404"}],"up":[{"embeddable":true,"href":"http:\/\/www.ardacol.fr\/index.php\/wp-json\/wp\/v2\/pages\/1343"}],"wp:attachment":[{"href":"http:\/\/www.ardacol.fr\/index.php\/wp-json\/wp\/v2\/media?parent=1315"}],"curies":[{"name":"wp","href":"https:\/\/api.w.org\/{rel}","templated":true}]}}