{"id":1446,"date":"2022-05-21T18:00:59","date_gmt":"2022-05-21T17:00:59","guid":{"rendered":"http:\/\/www.ardacol.fr\/?page_id=1446"},"modified":"2025-06-18T09:40:24","modified_gmt":"2025-06-18T08:40:24","slug":"1446-2","status":"publish","type":"page","link":"http:\/\/www.ardacol.fr\/index.php\/niveau-troisieme\/1446-2\/","title":{"rendered":"Technologie : Sujets DNB corrig\u00e9s  \u00ab\u00a0S\u00e9rie g\u00e9n\u00e9rale\u00a0\u00bb"},"content":{"rendered":"<ul>\n<li><a href=\"http:\/\/www.ardacol.fr\/wp-content\/uploads\/2022\/05\/2017-Sujet-z\u00e9ro-Hydrolienne.pdf\"><span style=\"color: #0000ff;\">2017-Sujet z\u00e9ro Hydrolienne\u00a0<\/span><\/a><\/li>\n<li><a href=\"http:\/\/www.ardacol.fr\/wp-content\/uploads\/2022\/05\/Corrig\u00e9-1.pdf\"><span style=\"color: #ff0000;\">Corrig\u00e9<\/span><\/a><\/li>\n<\/ul>\n<p>&#8212;&#8212;&#8212;&#8212;&#8212;&#8212;&#8212;&#8212;&#8212;&#8212;&#8212;&#8212;&#8212;&#8212;&#8212;&#8212;&#8212;&#8212;&#8212;&#8212;-<\/p>\n<ul>\n<li><a href=\"http:\/\/www.ardacol.fr\/wp-content\/uploads\/2022\/05\/2017-Syst\u00e8me-de-pompage-en-Afrique.pdf\"><span style=\"color: #0000ff;\">2017-Syst\u00e8me de pompage en Afrique<\/span><\/a><\/li>\n<li><span style=\"color: #ff0000;\"><a href=\"http:\/\/www.ardacol.fr\/wp-content\/uploads\/2022\/05\/Corrig\u00e9-irrigation.pdf\"><span style=\"color: #ff0000;\">Corrig\u00e9<\/span><\/a><\/span><\/li>\n<\/ul>\n<p>&#8212;&#8212;&#8212;&#8212;&#8212;&#8212;&#8212;&#8212;&#8212;&#8212;&#8212;&#8212;&#8212;&#8212;&#8212;&#8212;&#8212;&#8212;&#8212;&#8212;-<\/p>\n<ul>\n<li><a href=\"http:\/\/www.ardacol.fr\/wp-content\/uploads\/2022\/05\/2018-Bioanalyseur_pondichery.pdf\"><span style=\"color: #0000ff;\">2018- Bioanalyseur_Pondich\u00e9ry<\/span><\/a><\/li>\n<li><a href=\"http:\/\/www.ardacol.fr\/wp-content\/uploads\/2022\/05\/Corrig\u00e9-Bioanalyseur.pdf\"><span style=\"color: #ff0000;\">Corrig\u00e9<\/span><\/a><\/li>\n<\/ul>\n<p>&#8212;&#8212;&#8212;&#8212;&#8212;&#8212;&#8212;&#8212;&#8212;&#8212;&#8212;&#8212;&#8212;&#8212;&#8212;&#8212;&#8212;&#8212;&#8212;&#8212;-<\/p>\n<ul>\n<li><span style=\"color: #0000ff;\"><a href=\"http:\/\/www.ardacol.fr\/wp-content\/uploads\/2022\/05\/2018-M\u00e9tropole_echographie.pdf\"><span style=\"color: #0000ff;\">2018- M\u00e9tropole_\u00c9chographie<\/span><\/a><\/span><\/li>\n<li><a href=\"http:\/\/www.ardacol.fr\/wp-content\/uploads\/2022\/05\/Corrig\u00e9.pdf\"><span style=\"color: #ff0000;\">Corrig\u00e9<\/span><\/a><\/li>\n<\/ul>\n<p>&#8212;&#8212;&#8212;&#8212;&#8212;&#8212;&#8212;&#8212;&#8212;&#8212;&#8212;&#8212;&#8212;&#8212;&#8212;&#8212;&#8212;&#8212;&#8212;&#8212;-<\/p>\n<ul>\n<li><span style=\"color: #0000ff;\"><a href=\"http:\/\/www.ardacol.fr\/wp-content\/uploads\/2022\/05\/2018-Barrage_de_navigation.pdf\"><span style=\"color: #0000ff;\">2018-Barrage_de_navigation\u00a0 \u00a0 <\/span><\/a> <\/span><\/li>\n<li><a href=\"http:\/\/www.ardacol.fr\/wp-content\/uploads\/2022\/05\/Correction-2018-Barrage_de_navigation.pdf\"><span style=\"color: #ff0000;\">Corrig\u00e9<\/span><\/a><\/li>\n<\/ul>\n<p>&#8212;&#8212;&#8212;&#8212;&#8212;&#8212;&#8212;&#8212;&#8212;&#8212;&#8212;&#8212;&#8212;&#8212;&#8212;&#8212;&#8212;&#8212;&#8212;&#8212;-<\/p>\n<ul>\n<li><a href=\"http:\/\/www.ardacol.fr\/wp-content\/uploads\/2022\/05\/2018-M\u00e9tropole_Septembre_pilote_automatique.pdf\"><span style=\"color: #0000ff;\">2018-M\u00e9tropole_Septembre_pilote_automatique<\/span><\/a><\/li>\n<li><a href=\"http:\/\/www.ardacol.fr\/wp-content\/uploads\/2022\/05\/Pilote_automatique-Correction-finale.pdf\"><span style=\"color: #ff0000;\">Corrig\u00e9<\/span><\/a><\/li>\n<\/ul>\n<p>&#8212;&#8212;&#8212;&#8212;&#8212;&#8212;&#8212;&#8212;&#8212;&#8212;&#8212;&#8212;&#8212;&#8212;&#8212;&#8212;&#8212;&#8212;&#8212;&#8212;-<\/p>\n<ul>\n<li><span style=\"color: #0000ff;\"><a href=\"http:\/\/www.ardacol.fr\/wp-content\/uploads\/2022\/05\/2020-M\u00e9tropole-mur_vegetal.pdf\"><span style=\"color: #ff0000;\"><span style=\"color: #0000ff;\">2020 -M\u00e9tropole Mur_v\u00e9g\u00e9tal<\/span><\/span><\/a><\/span><\/li>\n<li><a href=\"http:\/\/www.ardacol.fr\/wp-content\/uploads\/2022\/05\/Corrig\u00e9-mur-v\u00e9g\u00e9tal.pdf\"><span style=\"color: #ff0000;\">Corrig\u00e9<\/span> <\/a><\/li>\n<\/ul>\n<p>&#8212;&#8212;&#8212;&#8212;&#8212;&#8212;&#8212;&#8212;&#8212;&#8212;&#8212;&#8212;&#8212;&#8212;&#8212;&#8212;&#8212;&#8212;&#8212;&#8212;-<\/p>\n<ul>\n<li><span style=\"color: #0000ff;\"><a href=\"http:\/\/www.ardacol.fr\/wp-content\/uploads\/2022\/05\/2021-polynesie_ventillation_verranda.pdf\"><span style=\"color: #0000ff;\">2021-polynesie_Ventillation_verranda<\/span><\/a><\/span><\/li>\n<li><a href=\"http:\/\/www.ardacol.fr\/wp-content\/uploads\/2022\/05\/Corrig\u00e9-ventillation-veranda.pdf\"><span style=\"color: #ff0000;\">Corrig\u00e9<\/span> <\/a><\/li>\n<\/ul>\n<p>&#8212;&#8212;&#8212;&#8212;&#8212;&#8212;&#8212;&#8212;&#8212;&#8212;&#8212;&#8212;&#8212;&#8212;&#8212;&#8212;&#8212;&#8212;&#8212;&#8212;-<\/p>\n<ul>\n<li><a href=\"http:\/\/www.ardacol.fr\/wp-content\/uploads\/2022\/05\/2021-pondich\u00e9ry_aide_au_staionnement.pdf\"><span style=\"color: #0000ff;\">2021-Pondich\u00e9ry_aide_au_stationnement<\/span><\/a><\/li>\n<li><a href=\"https:\/\/www.index-education.com\/contenu\/js\/visio\/visioQCM.php?url=\/contenu\/telechargement\/qcm\/AIde-au-stationnement-DNB-blanc-2021142a62d2d9b1a4cfda8113fbd68052df.xml&amp;id=4939\"><span style=\"color: #0000ff;\">QCM<\/span><\/a><\/li>\n<li><a href=\"http:\/\/www.ardacol.fr\/wp-content\/uploads\/2022\/05\/Aide-au-stationnement-correction.pdf\"><span style=\"color: #ff0000;\">Corrig\u00e9<\/span> <\/a><\/li>\n<\/ul>\n<p>&#8212;&#8212;&#8212;&#8212;&#8212;&#8212;&#8212;&#8212;&#8212;&#8212;&#8212;&#8212;&#8212;&#8212;&#8212;&#8212;&#8212;&#8212;&#8212;&#8212;-<\/p>\n<ul>\n<li><a href=\"http:\/\/www.ardacol.fr\/wp-content\/uploads\/2022\/05\/2022-Liban_Le-tapis-de-course.pdf\"><span style=\"color: #0000ff;\">2022-Liban_Le tapis de course<\/span><\/a><\/li>\n<li><a href=\"http:\/\/www.ardacol.fr\/wp-content\/uploads\/2022\/05\/Brevet_2022_sujet_Sciences_Fran\u00e7ais_\u00e9tranger_gpe_1_Liban_correction.pdf\"><span style=\"color: #ff0000;\">Corrig\u00e9<\/span><\/a><\/li>\n<\/ul>\n<p><span style=\"color: #000000;\">&#8212;&#8212;&#8212;&#8212;&#8212;&#8212;&#8212;&#8212;&#8212;&#8212;&#8212;&#8212;&#8212;&#8212;&#8212;&#8212;&#8212;&#8212;&#8212;&#8212;-<\/span><\/p>\n<ul>\n<li><a href=\"http:\/\/www.ardacol.fr\/wp-content\/uploads\/2022\/05\/2022-Asie-Overboard.pdf\"><span style=\"color: #0000ff;\">2022 -Asie Overboard<\/span><\/a><\/li>\n<li><a href=\"http:\/\/www.ardacol.fr\/wp-content\/uploads\/2022\/05\/2022-Asie-Overboard-Corrig\u00e9.pdf\"><span style=\"color: #ff0000;\">Corrig\u00e9<\/span><\/a><\/li>\n<\/ul>\n<p>&#8212;&#8212;&#8212;&#8212;&#8212;&#8212;&#8212;&#8212;&#8212;&#8212;&#8212;&#8212;&#8212;&#8212;&#8212;&#8212;&#8212;&#8212;&#8212;&#8212;-<\/p>\n<ul>\n<li><a href=\"http:\/\/www.ardacol.fr\/wp-content\/uploads\/2022\/05\/2022-M\u00e9tropole-Robot-collecteur-de-d\u00e9chets.pdf\"><span style=\"color: #0000ff;\">2022-M\u00e9tropole Robot collecteur de d\u00e9chets<\/span><\/a><\/li>\n<li><a href=\"http:\/\/www.ardacol.fr\/wp-content\/uploads\/2022\/05\/2022-M\u00e9tropole-Correction.pdf\"><span style=\"color: #ff0000;\">Corrig\u00e9<\/span><\/a><\/li>\n<\/ul>\n<p>&#8212;&#8212;&#8212;&#8212;&#8212;&#8212;&#8212;&#8212;&#8212;&#8212;&#8212;&#8212;&#8212;&#8212;&#8212;&#8212;&#8212;&#8212;&#8212;&#8212;-<\/p>\n<ul>\n<li><a href=\"http:\/\/www.ardacol.fr\/wp-content\/uploads\/2025\/06\/Sujet-2024.pdf\"><span style=\"color: #0000ff;\">2024-M\u00e9tropole Vigie<\/span><\/a><\/li>\n<li><span style=\"color: #ff0000;\"><a style=\"color: #ff0000;\" href=\"http:\/\/www.ardacol.fr\/wp-content\/uploads\/2025\/06\/Corrige-2024.pdf\">Corrig\u00e9 <\/a><\/span><\/li>\n<\/ul>\n","protected":false},"excerpt":{"rendered":"<p>2017-Sujet z\u00e9ro Hydrolienne\u00a0 Corrig\u00e9 &#8212;&#8212;&#8212;&#8212;&#8212;&#8212;&#8212;&#8212;&#8212;&#8212;&#8212;&#8212;&#8212;&#8212;&#8212;&#8212;&#8212;&#8212;&#8212;&#8212;- 2017-Syst\u00e8me de pompage en Afrique Corrig\u00e9 &#8212;&#8212;&#8212;&#8212;&#8212;&#8212;&#8212;&#8212;&#8212;&#8212;&#8212;&#8212;&#8212;&#8212;&#8212;&#8212;&#8212;&#8212;&#8212;&#8212;- 2018- Bioanalyseur_Pondich\u00e9ry Corrig\u00e9 &#8212;&#8212;&#8212;&#8212;&#8212;&#8212;&#8212;&#8212;&#8212;&#8212;&#8212;&#8212;&#8212;&#8212;&#8212;&#8212;&#8212;&#8212;&#8212;&#8212;- 2018- M\u00e9tropole_\u00c9chographie Corrig\u00e9 &#8212;&#8212;&#8212;&#8212;&#8212;&#8212;&#8212;&#8212;&#8212;&#8212;&#8212;&#8212;&#8212;&#8212;&#8212;&#8212;&#8212;&#8212;&#8212;&#8212;- 2018-Barrage_de_navigation\u00a0 \u00a0 Corrig\u00e9 &#8212;&#8212;&#8212;&#8212;&#8212;&#8212;&#8212;&#8212;&#8212;&#8212;&#8212;&#8212;&#8212;&#8212;&#8212;&#8212;&#8212;&#8212;&#8212;&#8212;- 2018-M\u00e9tropole_Septembre_pilote_automatique Corrig\u00e9 &#8212;&#8212;&#8212;&#8212;&#8212;&#8212;&#8212;&#8212;&#8212;&#8212;&#8212;&#8212;&#8212;&#8212;&#8212;&#8212;&#8212;&#8212;&#8212;&#8212;- 2020 -M\u00e9tropole Mur_v\u00e9g\u00e9tal Corrig\u00e9 &#8212;&#8212;&#8212;&#8212;&#8212;&#8212;&#8212;&#8212;&#8212;&#8212;&#8212;&#8212;&#8212;&#8212;&#8212;&#8212;&#8212;&#8212;&#8212;&#8212;- 2021-polynesie_Ventillation_verranda Corrig\u00e9 &#8212;&#8212;&#8212;&#8212;&#8212;&#8212;&#8212;&#8212;&#8212;&#8212;&#8212;&#8212;&#8212;&#8212;&#8212;&#8212;&#8212;&#8212;&#8212;&#8212;- 2021-Pondich\u00e9ry_aide_au_stationnement QCM Corrig\u00e9 &#8212;&#8212;&#8212;&#8212;&#8212;&#8212;&#8212;&#8212;&#8212;&#8212;&#8212;&#8212;&#8212;&#8212;&#8212;&#8212;&#8212;&#8212;&#8212;&#8212;- 2022-Liban_Le tapis de course Corrig\u00e9 &#8212;&#8212;&#8212;&#8212;&#8212;&#8212;&#8212;&#8212;&#8212;&#8212;&#8212;&#8212;&#8212;&#8212;&#8212;&#8212;&#8212;&#8212;&#8212;&#8212;- 2022 -Asie Overboard Corrig\u00e9 &#8212;&#8212;&#8212;&#8212;&#8212;&#8212;&#8212;&#8212;&#8212;&#8212;&#8212;&#8212;&#8212;&#8212;&#8212;&#8212;&#8212;&#8212;&#8212;&#8212;- 2022-M\u00e9tropole Robot collecteur de d\u00e9chets [&hellip;]<\/p>\n","protected":false},"author":1,"featured_media":0,"parent":8,"menu_order":0,"comment_status":"closed","ping_status":"closed","template":"","meta":{"footnotes":""},"class_list":["post-1446","page","type-page","status-publish","hentry"],"_links":{"self":[{"href":"http:\/\/www.ardacol.fr\/index.php\/wp-json\/wp\/v2\/pages\/1446","targetHints":{"allow":["GET"]}}],"collection":[{"href":"http:\/\/www.ardacol.fr\/index.php\/wp-json\/wp\/v2\/pages"}],"about":[{"href":"http:\/\/www.ardacol.fr\/index.php\/wp-json\/wp\/v2\/types\/page"}],"author":[{"embeddable":true,"href":"http:\/\/www.ardacol.fr\/index.php\/wp-json\/wp\/v2\/users\/1"}],"replies":[{"embeddable":true,"href":"http:\/\/www.ardacol.fr\/index.php\/wp-json\/wp\/v2\/comments?post=1446"}],"version-history":[{"count":58,"href":"http:\/\/www.ardacol.fr\/index.php\/wp-json\/wp\/v2\/pages\/1446\/revisions"}],"predecessor-version":[{"id":1896,"href":"http:\/\/www.ardacol.fr\/index.php\/wp-json\/wp\/v2\/pages\/1446\/revisions\/1896"}],"up":[{"embeddable":true,"href":"http:\/\/www.ardacol.fr\/index.php\/wp-json\/wp\/v2\/pages\/8"}],"wp:attachment":[{"href":"http:\/\/www.ardacol.fr\/index.php\/wp-json\/wp\/v2\/media?parent=1446"}],"curies":[{"name":"wp","href":"https:\/\/api.w.org\/{rel}","templated":true}]}}