{"id":222,"date":"2015-09-24T17:49:56","date_gmt":"2015-09-24T16:49:56","guid":{"rendered":"http:\/\/www.ardacol.fr\/?page_id=222"},"modified":"2016-03-24T14:26:04","modified_gmt":"2016-03-24T13:26:04","slug":"la-partie-mecanique","status":"publish","type":"page","link":"http:\/\/www.ardacol.fr\/index.php\/niveau-troisieme\/maquette-dascenseur-pilote-par-un-smartphone\/la-partie-mecanique\/","title":{"rendered":"2-La partie m\u00e9canique"},"content":{"rendered":"<p>Fiche \u00e9l\u00e8ve :<\/p>\n<ul>\n<li><a style=\"color: #0000ff;\" href=\"http:\/\/www.ardacol.fr\/wp-content\/uploads\/2015\/09\/Fiche-eleve-.pdf\">Fichier PDF<\/a>,\u00a0<a style=\"color: #0000ff;\" href=\"http:\/\/www.ardacol.fr\/wp-content\/uploads\/2015\/09\/Fiche-eleve-.docx\">Fichier Word<\/a><\/li>\n<\/ul>\n<p>Les ressources:<\/p>\n<ul>\n<li>Dimensions de la cabine ( <span style=\"color: #0000ff;\"><a style=\"color: #0000ff;\" href=\"http:\/\/www.ardacol.fr\/wp-content\/uploads\/2015\/09\/Les-dimensions-de-la-cabine.pdf\">Fichier PDF<\/a>,\u00a0<\/span><a href=\"http:\/\/www.ardacol.fr\/wp-content\/uploads\/2015\/09\/Les-dimensions-de-la-cabine.pptx\"><span style=\"color: #0000ff;\">Fichier PowerPoint<\/span> <\/a>)<\/li>\n<li>Tutoriel Cabine sous Solidwork(<span style=\"color: #0000ff;\"><a style=\"color: #0000ff;\" href=\"http:\/\/www.ardacol.fr\/wp-content\/uploads\/2015\/09\/Cabine-sous-SOLIDWORK.pdf\">Fichier PDF<\/a><\/span>)<\/li>\n<li>Gaine de l&rsquo;ascenseur(<span style=\"color: #0000ff;\"><a style=\"color: #0000ff;\" href=\"http:\/\/www.ardacol.fr\/wp-content\/uploads\/2015\/09\/Gaine-d\u2019ascenseur.pdf\">Fichier PDF<\/a>,\u00a0<a style=\"color: #0000ff;\" href=\"http:\/\/www.ardacol.fr\/wp-content\/uploads\/2015\/09\/Gaine-d\u2019ascenseur.pptx\">Fichier PowerPoint<\/a><\/span>)<\/li>\n<li>Usinage de pi\u00e8ces avec Charlygraal (<span style=\"color: #0000ff;\"><a style=\"color: #0000ff;\" href=\"http:\/\/www.ardacol.fr\/wp-content\/uploads\/2015\/09\/Tutoriel-USINAGE-Support-de-Lecteur-DIAPO.pdf\">Tutoriel usinage de pi\u00e8ce<\/a><\/span>)<\/li>\n<\/ul>\n<p>Mat\u00e9riels n\u00e9cessaires pour la r\u00e9alisation:<\/p>\n<ul>\n<li>Machine Charly robot<\/li>\n<li>Mat\u00e9riaux thermoplastiques<\/li>\n<li>Thermoplieuse<\/li>\n<li>Cisaille<\/li>\n<\/ul>\n<p>Logiciels n\u00e9cessaires :<\/p>\n<ul>\n<li>SolidWorks<\/li>\n<li>Charlygraal<\/li>\n<\/ul>\n<hr \/>\n<p>&nbsp;<\/p>\n<p>Dans cette partie les \u00e9l\u00e8ves devront r\u00e9aliser la cabine et la gaine de l&rsquo;ascenseur.<\/p>\n<p><img decoding=\"async\" class=\"aligncenter wp-image-231 size-full\" src=\"http:\/\/www.ardacol.fr\/wp-content\/uploads\/2015\/09\/Forme-de-la-maquette.gif\" alt=\"Forme de la maquette\" width=\"100%\" height=\"100%\" \/><\/p>\n<p>&nbsp;<\/p>\n<p>&nbsp;<\/p>\n<p><span style=\"color: #ff0000;\">Premi\u00e8rement<\/span>\u00a0dans la\u00a0Fiche \u00e9l\u00e8ve (<span style=\"color: #0000ff;\"><a style=\"color: #0000ff;\" href=\"http:\/\/www.ardacol.fr\/wp-content\/uploads\/2015\/09\/Fiche-eleve-.pdf\">Fichier PDF<\/a>,\u00a0<a style=\"color: #0000ff;\" href=\"http:\/\/www.ardacol.fr\/wp-content\/uploads\/2015\/09\/Fiche-eleve-.docx\">Fichier Word<\/a><\/span>) on demande aux \u00e9l\u00e8ves de r\u00e9fl\u00e9chir \u00e0: comment r\u00e9aliser la maquette, quelle \u00e9chelle choisir et quels logiciels utiliser&#8230;<\/p>\n<p><span style=\"color: #ff0000;\">Ensuite<\/span> ils diviseront leur travail en deux parties, la premi\u00e8re est le choix des dimensions de la cabine et sa r\u00e9alisation sous Solidworks, la seconde est le choix des dimensions de la gaine.<\/p>\n<p><span style=\"color: #ff0000;\">Enfin<\/span> ils passeront \u00e0 l&rsquo;usinage et le pliage de la cabine et la gaine.<\/p>\n<ul>\n<li><em><strong><span style=\"color: #ff0000;\">PREMIEREMENT<\/span><\/strong><\/em><\/li>\n<\/ul>\n<p><strong><span style=\"text-decoration: underline;\">Fiche \u00e9l\u00e8ve:<\/span><\/strong><\/p>\n<p><img decoding=\"async\" class=\"aligncenter wp-image-229 size-full\" src=\"http:\/\/www.ardacol.fr\/wp-content\/uploads\/2015\/09\/Partie-mecanique.gif\" alt=\"Partie mecanique\" width=\"100%\" height=\"100%\" \/><\/p>\n<p>___________________________________________________________________________________<\/p>\n<ul>\n<li><span style=\"color: #ff0000;\"><em><strong>ENSUITE \u00a0 \u00a0<\/strong> <\/em>\u00a0 \u00a0 \u00a0 \u00a0 \u00a0 \u00a0 \u00a0 \u00a0<\/span><\/li>\n<\/ul>\n<h1>\u00a0 \u00a0 \u00a0 \u00a0 \u00a0 \u00a0 \u00a0 \u00a0 \u00a0 \u00a0 \u00a0 \u00a0 \u00a0 \u00a0 \u00a0 \u00a0 \u00a0 \u00a0 \u00a0 \u00a0 \u00a0 \u00a0 \u00a0 \u00a0 \u00a0 \u00a0 \u00a0 \u00a0 \u00a0 <span style=\"color: #333300;\">\u00a0<strong>\u00a0<span style=\"text-decoration: underline;\">\u00ab\u00a0La cabine\u00a0\u00bb<\/span>\u00a0<\/strong><\/span><\/h1>\n<p><img decoding=\"async\" class=\"aligncenter wp-image-236 size-full\" src=\"http:\/\/www.ardacol.fr\/wp-content\/uploads\/2015\/09\/Dimensions-de-la-cabine.gif\" alt=\"Dimensions de la cabine\" width=\"100%\" height=\"100%\" \/><\/p>\n<hr \/>\n<p><a href=\"http:\/\/www.ardacol.fr\/wp-content\/uploads\/2015\/08\/Panneau-dexclamation.png\"><img loading=\"lazy\" decoding=\"async\" class=\"wp-image-121 alignleft\" src=\"http:\/\/www.ardacol.fr\/wp-content\/uploads\/2015\/08\/Panneau-dexclamation.png\" alt=\"Panneau d'exclamation\" width=\"49\" height=\"44\" \/><\/a><\/p>\n<p><span style=\"color: #ff6600;\">Ici la seule contrainte que doit respecter l&rsquo;\u00e9l\u00e8ve est li\u00e9e au volume de la cabine, en effet le plateau d&rsquo;usinage de la machine Charly robot poss\u00e8de une longueur de 31 cm et une largeur de 22 cm, donc lors du choix des dimensions l&rsquo;\u00e9l\u00e8ve doit v\u00e9rifier que le volume ne d\u00e9passe pas \u00a0343 cm3 ou autrement dit ; que l&rsquo;\u00e9tat d\u00e9pli\u00e9 la cabine ne d\u00e9passe pas 21 cm ( 3 x 7cm ) afin de pouvoir l&rsquo;usiner.\u00a0<\/span><\/p>\n<p>Le volume est : Lxhxl=7x7x7=343cm3<\/p>\n<p><img decoding=\"async\" class=\"aligncenter wp-image-281 size-full\" src=\"http:\/\/www.ardacol.fr\/wp-content\/uploads\/2015\/09\/Dimension-max-de-la-cabine.gif\" alt=\"Dimensions max de la cabine\" width=\"100%\" height=\"100%\" \/><\/p>\n<hr \/>\n<p>&nbsp;<\/p>\n<p><img decoding=\"async\" class=\"aligncenter wp-image-242 size-full\" src=\"http:\/\/www.ardacol.fr\/wp-content\/uploads\/2015\/09\/Cabine-solidwork_1.gif\" alt=\"Cabine solidwork_1\" width=\"100%\" height=\"100%\" \/><\/p>\n<p><img decoding=\"async\" class=\"aligncenter wp-image-243 size-full\" src=\"http:\/\/www.ardacol.fr\/wp-content\/uploads\/2015\/09\/Cabine-solidwork_2.gif\" alt=\"Cabine solidwork_2\" width=\"100%\" height=\"100%\" \/><\/p>\n<p><img decoding=\"async\" class=\"aligncenter wp-image-250 size-full\" src=\"http:\/\/www.ardacol.fr\/wp-content\/uploads\/2015\/09\/Cabine-solidwork_31.gif\" alt=\"Cabine solidwork_3\" width=\"100%\" height=\"100%\" \/><\/p>\n<p><img decoding=\"async\" class=\"aligncenter wp-image-247 size-full\" src=\"http:\/\/www.ardacol.fr\/wp-content\/uploads\/2015\/09\/Cabine-solidwork_4.gif\" alt=\"Cabine solidwork_4\" width=\"100%\" height=\"100%\" \/><\/p>\n<p><img decoding=\"async\" class=\"aligncenter wp-image-249 size-full\" src=\"http:\/\/www.ardacol.fr\/wp-content\/uploads\/2015\/09\/Cabine-solidwork_5.gif\" alt=\"Cabine solidwork_5\" width=\"100%\" height=\"100%\" \/><\/p>\n<p><img decoding=\"async\" class=\"aligncenter wp-image-253 size-full\" src=\"http:\/\/www.ardacol.fr\/wp-content\/uploads\/2015\/09\/Cabine-solidwork_6.gif\" alt=\"Cabine solidwork_6\" width=\"100%\" height=\"100%\" \/><\/p>\n<p><img decoding=\"async\" class=\"aligncenter wp-image-254 size-full\" src=\"http:\/\/www.ardacol.fr\/wp-content\/uploads\/2015\/09\/Cabine-solidwork_7.gif\" alt=\"Cabine solidwork_7\" width=\"100%\" height=\"100%\" \/><\/p>\n<p><img decoding=\"async\" class=\"aligncenter wp-image-255 size-full\" src=\"http:\/\/www.ardacol.fr\/wp-content\/uploads\/2015\/09\/Cabine-solidwork_8.gif\" alt=\"Cabine solidwork_8\" width=\"100%\" height=\"100%\" \/><\/p>\n<p><img decoding=\"async\" class=\"aligncenter wp-image-256 size-full\" src=\"http:\/\/www.ardacol.fr\/wp-content\/uploads\/2015\/09\/Cabine-solidwork_9.gif\" alt=\"Cabine solidwork_9\" width=\"100%\" height=\"100%\" \/><\/p>\n<p><img decoding=\"async\" class=\"aligncenter wp-image-257 size-full\" src=\"http:\/\/www.ardacol.fr\/wp-content\/uploads\/2015\/09\/Cabine-solidwork_10.gif\" alt=\"Cabine solidwork_10\" width=\"100%\" height=\"100%\" \/><\/p>\n<p><img decoding=\"async\" class=\"aligncenter wp-image-258 size-full\" src=\"http:\/\/www.ardacol.fr\/wp-content\/uploads\/2015\/09\/Cabine-solidwork_11.gif\" alt=\"Cabine solidwork_11\" width=\"100%\" height=\"100%\" \/><\/p>\n<p><span style=\"color: #333300;\">\u00a0 \u00a0 \u00a0 \u00a0 \u00a0 \u00a0 \u00a0 \u00a0 \u00a0 \u00a0 \u00a0 \u00a0 \u00a0 \u00a0 \u00a0 \u00a0 \u00a0 \u00a0 \u00a0 \u00a0 \u00a0 \u00a0 \u00a0 \u00a0 \u00a0 \u00a0 \u00a0 \u00a0 \u00a0 \u00a0 \u00a0 \u00a0 \u00a0 \u00a0 \u00a0 \u00a0 \u00a0 \u00a0 \u00a0<\/span><\/p>\n<h1><span style=\"color: #333300;\"><strong>\u00a0 \u00a0 \u00a0 \u00a0 \u00a0 \u00a0 \u00a0 \u00a0 \u00a0 \u00a0 \u00a0 \u00a0 \u00a0 \u00a0 \u00a0 \u00a0 \u00a0 \u00a0 \u00a0 \u00a0 \u00a0 \u00a0 \u00a0 \u00a0 \u00a0 \u00a0 \u00a0 \u00a0 \u00a0 \u00a0 \u00a0 \u00a0 \u00a0 \u00a0 <span style=\"text-decoration: underline;\">\u00ab\u00a0La gaine\u00a0\u00bb<\/span><\/strong><\/span><\/h1>\n<p><img decoding=\"async\" class=\"aligncenter wp-image-267\" src=\"http:\/\/www.ardacol.fr\/wp-content\/uploads\/2015\/09\/Gaine-dascenceur.gif\" alt=\"Gaine d'ascenceur\" width=\"100%\" height=\"100%\" \/><\/p>\n<ul>\n<li><em><span style=\"color: #ff0000;\"><strong>ENFIN<\/strong><\/span><\/em><\/li>\n<\/ul>\n<p>Voici un Tutoriel qui montre comment usiner une pi\u00e8ce avec le logiciel Charlygraal (<span style=\"color: #0000ff;\"><a style=\"color: #0000ff;\" href=\"http:\/\/www.ardacol.fr\/wp-content\/uploads\/2015\/09\/Tutoriel-USINAGE-Support-de-Lecteur-DIAPO.pdf\">Tutoriel usinage de pi\u00e8ce<\/a><\/span>), c&rsquo;est le m\u00eame principe \u00e0 suivre pour l&rsquo;usinage de la cabine.<\/p>\n<p>Il ne reste qu&rsquo;\u00e0 plier la cabine et la gaine en utilisant la thermoplieuse.<\/p>\n<p>R\u00e9sultat attendu :<\/p>\n<p><img loading=\"lazy\" decoding=\"async\" class=\"wp-image-284 size-full alignnone\" title=\"Cabine \u00e0 l'\u00e9tat pli\u00e9e \" src=\"http:\/\/www.ardacol.fr\/wp-content\/uploads\/2015\/09\/Cabine-plie.gif\" alt=\"Cabine plie\" width=\"398\" height=\"234\" \/><\/p>\n<p><img loading=\"lazy\" decoding=\"async\" class=\"wp-image-285 size-full alignnone\" src=\"http:\/\/www.ardacol.fr\/wp-content\/uploads\/2015\/09\/Gaine-plie.gif\" alt=\"Gaine plie\" width=\"143\" height=\"493\" \/><\/p>\n<hr \/>\n<h2><span style=\"color: #0000ff;\"><a style=\"color: #0000ff;\" href=\"http:\/\/www.ardacol.fr\/index.php\/niveau-troisieme\/maquette-dascenseur-pilote-par-un-smartphone\/1-la-partie-introduction\/\">&lt;&lt;&lt;1-Partie introduction \u00a0 <\/a>\u00a0 \u00a0 \u00a0 \u00a0 \u00a0 \u00a0 \u00a0 \u00a0 \u00a0 \u00a0 \u00a0<\/span><span style=\"color: #0000ff;\">\u00a0<a style=\"color: #0000ff;\" href=\"http:\/\/www.ardacol.fr\/index.php\/niveau-troisieme\/maquette-dascenseur-pilote-par-un-smartphone\/\">&lt;&lt;Accueil&gt;&gt;<\/a>\u00a0 \u00a0 \u00a0 \u00a0 \u00a0 \u00a0 \u00a0 \u00a0 \u00a0 \u00a0 \u00a0 \u00a03-<a style=\"color: #0000ff;\" href=\"http:\/\/www.ardacol.fr\/index.php\/niveau-troisieme\/maquette-dascenseur-pilote-par-un-smartphone\/la-partie-electronique\/\">Partie Electronique&gt;&gt;&gt;<\/a>\u00a0<\/span><\/h2>\n<hr \/>\n<p><strong><span style=\"color: #0000ff;\"> \u00a0 \u00a0\u00a0<\/span><\/strong><\/p>\n","protected":false},"excerpt":{"rendered":"<p>Fiche \u00e9l\u00e8ve : Fichier PDF,\u00a0Fichier Word Les ressources: Dimensions de la cabine ( Fichier PDF,\u00a0Fichier PowerPoint ) Tutoriel Cabine sous Solidwork(Fichier PDF) Gaine de l&rsquo;ascenseur(Fichier PDF,\u00a0Fichier PowerPoint) Usinage de pi\u00e8ces avec Charlygraal (Tutoriel usinage de pi\u00e8ce) Mat\u00e9riels n\u00e9cessaires pour la r\u00e9alisation: Machine Charly robot Mat\u00e9riaux thermoplastiques Thermoplieuse Cisaille Logiciels n\u00e9cessaires : SolidWorks Charlygraal &nbsp; Dans [&hellip;]<\/p>\n","protected":false},"author":1,"featured_media":0,"parent":56,"menu_order":0,"comment_status":"closed","ping_status":"closed","template":"template-fullwidth.php","meta":{"footnotes":""},"class_list":["post-222","page","type-page","status-publish","hentry"],"_links":{"self":[{"href":"http:\/\/www.ardacol.fr\/index.php\/wp-json\/wp\/v2\/pages\/222","targetHints":{"allow":["GET"]}}],"collection":[{"href":"http:\/\/www.ardacol.fr\/index.php\/wp-json\/wp\/v2\/pages"}],"about":[{"href":"http:\/\/www.ardacol.fr\/index.php\/wp-json\/wp\/v2\/types\/page"}],"author":[{"embeddable":true,"href":"http:\/\/www.ardacol.fr\/index.php\/wp-json\/wp\/v2\/users\/1"}],"replies":[{"embeddable":true,"href":"http:\/\/www.ardacol.fr\/index.php\/wp-json\/wp\/v2\/comments?post=222"}],"version-history":[{"count":51,"href":"http:\/\/www.ardacol.fr\/index.php\/wp-json\/wp\/v2\/pages\/222\/revisions"}],"predecessor-version":[{"id":1011,"href":"http:\/\/www.ardacol.fr\/index.php\/wp-json\/wp\/v2\/pages\/222\/revisions\/1011"}],"up":[{"embeddable":true,"href":"http:\/\/www.ardacol.fr\/index.php\/wp-json\/wp\/v2\/pages\/56"}],"wp:attachment":[{"href":"http:\/\/www.ardacol.fr\/index.php\/wp-json\/wp\/v2\/media?parent=222"}],"curies":[{"name":"wp","href":"https:\/\/api.w.org\/{rel}","templated":true}]}}