{"id":23,"date":"2015-07-29T19:39:56","date_gmt":"2015-07-29T18:39:56","guid":{"rendered":"http:\/\/www.ardacol.fr\/?page_id=23"},"modified":"2023-06-08T16:29:10","modified_gmt":"2023-06-08T15:29:10","slug":"niveau-cinquieme-5eme","status":"publish","type":"page","link":"http:\/\/www.ardacol.fr\/index.php\/niveau-cinquieme-5eme\/","title":{"rendered":"Niveau 5eme"},"content":{"rendered":"<h2>Espace num\u00e9rique de travail et r\u00e9seau informatique<\/h2>\n<p>Activit\u00e9 pour apprendre \u00e0 utiliser son espace de stockage<\/p>\n<ul>\n<li><span style=\"color: #0000ff;\"><a style=\"color: #0000ff;\" href=\"http:\/\/www.ardacol.fr\/wp-content\/uploads\/2023\/06\/Espace-numerique-de-travail.pdf\">Espace num\u00e9rique de travail<\/a>, <\/span><a href=\"http:\/\/www.ardacol.fr\/wp-content\/uploads\/2023\/06\/Espace-numerique-de-travail.odt\"><span style=\"color: #0000ff;\">Fiche modifiable<\/span> <\/a><\/li>\n<\/ul>\n<p>Activit\u00e9 r\u00e9seau informatique<\/p>\n<ul>\n<li><a href=\"http:\/\/www.ardacol.fr\/wp-content\/uploads\/2023\/06\/Travail-a-faire-reseau.docx\"><span style=\"color: #000000;\">Travail \u00e0 faire \u00e0 la maison :<\/span> <span style=\"color: #0000ff;\">Activit\u00e9<\/span><\/a><\/li>\n<li>Travail \u00e0 faire en classe (Proteus) : <a href=\"https:\/\/courstechnocollege.jimdofree.com\/cycle-4\/l-informatique-et-la-programmation\/filius-activit%C3%A9\/\" target=\"_blank\" rel=\"noopener\"><span style=\"color: #ff0000;\">Lien<\/span><\/a><\/li>\n<\/ul>\n<hr \/>\n<h2>Projets<\/h2>\n<h2><span style=\"color: #0000ff;\"><a href=\"http:\/\/www.ardacol.fr\/index.php\/conception-dun-ouvrage-permettant-de-franchir-un-obstacle\/\"><span style=\"color: #0000ff;\">Conception d&rsquo;un ouvrage permettant de franchir un obstacle<\/span> (2017-2022)<\/a><\/span><\/h2>\n<hr \/>\n<h2><span style=\"color: #000000;\">Algorigramme<br \/><\/span><\/h2>\n<ul>\n<li><a href=\"http:\/\/www.ardacol.fr\/wp-content\/uploads\/2015\/07\/Fiche-\u00e9l\u00e8ve-\u00e0-compl\u00e9ter.pdf\"><span style=\"color: #0000ff;\">Fiche \u00e9l\u00e8ve \u00e0 compl\u00e9ter<\/span><\/a><\/li>\n<li><a href=\"http:\/\/www.ardacol.fr\/wp-content\/uploads\/2015\/07\/Fiche-\u00e9l\u00e8ve-compl\u00e9t\u00e9.pdf\"><span style=\"color: #0000ff;\">Fiche \u00e9l\u00e8ve compl\u00e9t\u00e9<\/span><\/a><\/li>\n<li><a href=\"http:\/\/www.ardacol.fr\/wp-content\/uploads\/2015\/07\/Pr\u00e9sentation1.pdf\"><span style=\"color: #0000ff;\">Pr\u00e9sentation1<\/span><\/a> &#8212; <a href=\"http:\/\/www.ardacol.fr\/wp-content\/uploads\/2015\/07\/Pr\u00e9sentation1.pptx\"><span style=\"color: #0000ff;\">Pr\u00e9sentation modifiable<\/span><\/a><\/li>\n<li>Exercices de M.PUJADES acad\u00e9mie de Toulouse ( <a href=\"http:\/\/www.ardacol.fr\/wp-content\/uploads\/2015\/07\/REM-Algorithme-N0bis.pdf\">REM-Algorithme-N0bis<\/a> &#8212; <a href=\"http:\/\/www.ardacol.fr\/wp-content\/uploads\/2015\/07\/REM-Algorithme-N1.pdf\">REM-Algorithme-N1<\/a> &#8212; <a href=\"http:\/\/www.ardacol.fr\/wp-content\/uploads\/2015\/07\/REM-Algorithme-N2.pdf\">REM-Algorithme-N2<\/a> )<\/li>\n<\/ul>\n<hr \/>\n<h2><span style=\"color: #000000;\">Programmation (Plateforme en ligne \u00ab\u00a0Tinkercad\u00a0\u00bb)<br \/><\/span><\/h2>\n<ul>\n<li><a href=\"http:\/\/www.ardacol.fr\/wp-content\/uploads\/2015\/07\/Fiche-activit\u00e9-programmation-2022.pdf\"><span style=\"color: #0000ff;\">Fiche \u00e9l\u00e8ve<\/span><\/a><\/li>\n<li><a href=\"http:\/\/www.ardacol.fr\/wp-content\/uploads\/2015\/07\/Fiche-activit\u00e9-programmation.odt\"><span style=\"color: #0000ff;\">Fiche \u00e9l\u00e8ve modifiable<\/span><\/a><\/li>\n<li><a href=\"http:\/\/www.ardacol.fr\/wp-content\/uploads\/2015\/07\/Rem\u00e9diation-programmation-partie-1.pdf\"><span style=\"color: #0000ff;\">Rem\u00e9diation<\/span><\/a><\/li>\n<li><a href=\"http:\/\/www.ardacol.fr\/wp-content\/uploads\/2015\/07\/Correction-en-classe-enti\u00e8re-2022-1.docx\"><span style=\"color: #0000ff;\">Rem\u00e9diation modifiable<\/span><\/a><\/li>\n<\/ul>\n<hr \/>\n<h2>\u00c9volution des objets techniques<\/h2>\n<p>Six objets techniques sont partag\u00e9s dans la partie ressource, chaque groupe d&rsquo;\u00e9l\u00e8ves choisit l&rsquo;objet sur lequel il souhaite travailler.<\/p>\n<ul>\n<li><a href=\"http:\/\/www.ardacol.fr\/wp-content\/uploads\/2015\/07\/Fiche-\u00e9l\u00e8ve-1.pdf\"><span style=\"color: #3366ff;\">Fiche \u00e9l\u00e8ve<\/span><\/a><\/li>\n<li><a href=\"http:\/\/www.ardacol.fr\/wp-content\/uploads\/2015\/07\/Fiche-\u00e9l\u00e8ve-1-2.docx\">Fiche \u00e9l\u00e8ve modifiable<\/a><\/li>\n<li><a href=\"https:\/\/drive.google.com\/drive\/folders\/1mNsbQ0RbB9gFnNVIlADYZwg0QyA3T61V?usp=sharing\"><span style=\"color: #3366ff;\">Les ressources<\/span><\/a><\/li>\n<li>Crit\u00e8res de notation (<span style=\"color: #00ccff;\"><a href=\"http:\/\/www.ardacol.fr\/wp-content\/uploads\/2015\/07\/Crit\u00e8res-de-notation-2022.pdf\">Crit\u00e8res de notation 2022<\/a>,\u00a0<\/span><a href=\"http:\/\/www.ardacol.fr\/wp-content\/uploads\/2015\/07\/Crit\u00e8res-de-notation-2022.docx\"><span style=\"color: #00ccff;\">Crit\u00e8res de notation modifiable<\/span><\/a>\u00a0)<\/li>\n<\/ul>\n<hr \/>\n<h2>Am\u00e9nager un espace<\/h2>\n<h3>S\u00e9ance 1 :\u00a0\u00a0<\/h3>\n<p><em>Partie 1\/2 :<\/em><\/p>\n<p>Travail \u00e0 faire \u00e0 la maison.<\/p>\n<ul>\n<li><span style=\"color: #0000ff;\"><a style=\"color: #0000ff;\" href=\"http:\/\/www.ardacol.fr\/wp-content\/uploads\/2023\/06\/Fiche-activite.pdf\">Croquis de votre logement <\/a><\/span>, <span style=\"color: #0000ff;\"><a style=\"color: #0000ff;\" href=\"http:\/\/www.ardacol.fr\/wp-content\/uploads\/2023\/06\/Fiche-activite.docx\">Fiche modifiable <\/a><\/span><\/li>\n<\/ul>\n<p><em>Partie 2\/2 :<\/em><\/p>\n<ul>\n<li>Exercices d&rsquo;entrainement, utilisation du logiciel SweetHome 3D, <a href=\"http:\/\/www.ardacol.fr\/wp-content\/uploads\/2023\/06\/3-Exercices-Sweet-home-3D.pdf\"><span style=\"color: #0000ff;\">Exercices Sweet home 3D<\/span><\/a><\/li>\n<li>R\u00e9alisation du croquis de votre maison sur SweetHome 3D<\/li>\n<\/ul>\n<h3>S\u00e9ance 2 :<\/h3>\n<p>Travail \u00e0 faire en bin\u00f4me qui sera not\u00e9<\/p>\n<p>R\u00e9aliser un croquis d&rsquo;appartement en respectant le cahier des charges et les normes, ensuite le reproduire sur le logiciel SweetHome 3D<\/p>\n<ul>\n<li><span style=\"color: #0000ff;\"><a style=\"color: #0000ff;\" href=\"http:\/\/www.ardacol.fr\/wp-content\/uploads\/2023\/06\/1-Amenager-un-espace.pdf\">Cahier des charges, <\/a><a style=\"color: #0000ff;\" href=\"http:\/\/www.ardacol.fr\/wp-content\/uploads\/2023\/06\/1-Amenager-un-espace.docx\">Fiche modifiable <\/a><\/span><\/li>\n<li><span style=\"color: #0000ff;\"><a style=\"color: #0000ff;\" href=\"http:\/\/www.ardacol.fr\/wp-content\/uploads\/2023\/06\/2-Normes.pdf\">Normes, <\/a><\/span><a href=\"http:\/\/www.ardacol.fr\/wp-content\/uploads\/2023\/06\/2-Normes.docx\"><span style=\"color: #0000ff;\">Fiche modifiable<\/span> <\/a><\/li>\n<\/ul>\n<hr \/>\n<p>\u00a0<\/p>\n\n\n<p><\/p>\n","protected":false},"excerpt":{"rendered":"<p>Espace num\u00e9rique de travail et r\u00e9seau informatique Activit\u00e9 pour apprendre \u00e0 utiliser son espace de stockage Espace num\u00e9rique de travail, Fiche modifiable Activit\u00e9 r\u00e9seau informatique Travail \u00e0 faire \u00e0 la maison : Activit\u00e9 Travail \u00e0 faire en classe (Proteus) : Lien Projets Conception d&rsquo;un ouvrage permettant de franchir un obstacle (2017-2022) Algorigramme Fiche \u00e9l\u00e8ve \u00e0 [&hellip;]<\/p>\n","protected":false},"author":1,"featured_media":0,"parent":0,"menu_order":1,"comment_status":"open","ping_status":"closed","template":"template-fullwidth.php","meta":{"footnotes":""},"class_list":["post-23","page","type-page","status-publish","hentry"],"_links":{"self":[{"href":"http:\/\/www.ardacol.fr\/index.php\/wp-json\/wp\/v2\/pages\/23","targetHints":{"allow":["GET"]}}],"collection":[{"href":"http:\/\/www.ardacol.fr\/index.php\/wp-json\/wp\/v2\/pages"}],"about":[{"href":"http:\/\/www.ardacol.fr\/index.php\/wp-json\/wp\/v2\/types\/page"}],"author":[{"embeddable":true,"href":"http:\/\/www.ardacol.fr\/index.php\/wp-json\/wp\/v2\/users\/1"}],"replies":[{"embeddable":true,"href":"http:\/\/www.ardacol.fr\/index.php\/wp-json\/wp\/v2\/comments?post=23"}],"version-history":[{"count":39,"href":"http:\/\/www.ardacol.fr\/index.php\/wp-json\/wp\/v2\/pages\/23\/revisions"}],"predecessor-version":[{"id":1816,"href":"http:\/\/www.ardacol.fr\/index.php\/wp-json\/wp\/v2\/pages\/23\/revisions\/1816"}],"wp:attachment":[{"href":"http:\/\/www.ardacol.fr\/index.php\/wp-json\/wp\/v2\/media?parent=23"}],"curies":[{"name":"wp","href":"https:\/\/api.w.org\/{rel}","templated":true}]}}