{"id":25,"date":"2015-07-29T19:40:11","date_gmt":"2015-07-29T18:40:11","guid":{"rendered":"http:\/\/www.ardacol.fr\/?page_id=25"},"modified":"2023-05-09T10:16:26","modified_gmt":"2023-05-09T09:16:26","slug":"niveau-sixieme-6eme","status":"publish","type":"page","link":"http:\/\/www.ardacol.fr\/index.php\/niveau-sixieme-6eme\/","title":{"rendered":"Niveau 6eme"},"content":{"rendered":"<p><script async=\"\" src=\"https:\/\/pagead2.googlesyndication.com\/pagead\/js\/adsbygoogle.js?client=ca-pub-3352598547849112\" crossorigin=\"anonymous\"><\/script><br \/>\n<!-- annonce1 --><br \/>\n<ins class=\"adsbygoogle\" style=\"display:block\" data-ad-client=\"ca-pub-3352598547849112\" data-ad-slot=\"3897819079\" data-ad-format=\"auto\" data-full-width-responsive=\"true\"><\/ins><br \/>\n<script><br \/>\n     (adsbygoogle = window.adsbygoogle || []).push({});<br \/>\n<\/script><\/p>\n<h1>Il \u00e9tait une fois la technologie en sixi\u00e8me \ud83d\ude41<\/h1>\n<h1><\/h1>\n<h1><strong>Les projets :<\/strong><\/h1>\n<ul>\n<li><span style=\"text-decoration: underline;\"><span style=\"color: #0000ff; text-decoration: underline;\"><a style=\"color: #0000ff; text-decoration: underline;\" href=\"http:\/\/www.ardacol.fr\/index.php\/niveau-sixieme-6eme\/realiser-un-objet-qui-roule\/\">R\u00e9aliser un objet qui roule<\/a>.<\/span><\/span><\/li>\n<\/ul>\n<hr>\n<h2><span style=\"color: #000000;\">Repr\u00e9senter les plan\u00e8tes sous forme de disque en papier carton <\/span><\/h2>\n<p>(pour les utiliser dans la partie Algorithme de la prochaine s\u00e9ance)<\/p>\n<ul>\n<li><span style=\"color: #0000ff;\"><a href=\"http:\/\/www.ardacol.fr\/wp-content\/uploads\/2015\/07\/Fiche-\u00e9l\u00e8ve-Repr\u00e9senter-les-plan\u00e8tes-du-syst\u00e8me-solaire.pdf\"><span style=\"color: #0000ff;\">Fiche \u00e9l\u00e8ve<\/span> <\/a> &#8212; <\/span><a href=\"http:\/\/www.ardacol.fr\/wp-content\/uploads\/2015\/07\/Fiche-\u00e9l\u00e8ve.docx\"><span style=\"color: #0000ff;\">Fiche \u00e9l\u00e8ve modifiable<\/span><\/a><\/li>\n<li>Bar\u00e8me de notation de la mod\u00e9lisation des plan\u00e8tes <span style=\"color: #0000ff;\">(<a href=\"http:\/\/www.ardacol.fr\/wp-content\/uploads\/2015\/07\/Notation-de-la-mod\u00e9lisation-des-plan\u00e8tes.pdf\"><span style=\"color: #0000ff;\">Notation <\/span><\/a>&nbsp;<\/span> &nbsp; &#8212;&nbsp; &nbsp;<a href=\"http:\/\/www.ardacol.fr\/wp-content\/uploads\/2015\/07\/Notation-de-la-mod\u00e9lisation-des-plan\u00e8tes.odt\"><span style=\"color: #0000ff;\">Notation document modifiable<\/span><\/a><span style=\"color: #0000ff;\">&nbsp;<\/span>)<\/li>\n<\/ul>\n<hr>\n<h2><span style=\"color: #000000;\">Algorithme<\/span><\/h2>\n<ul>\n<li><a href=\"http:\/\/www.ardacol.fr\/wp-content\/uploads\/2015\/07\/Algorithme.pdf\"><span style=\"color: #0000ff;\">Fiche activit\u00e9<\/span> <\/a>&#8212; <a href=\"http:\/\/www.ardacol.fr\/wp-content\/uploads\/2015\/07\/Correction-algorithme-1.pdf\"><span style=\"color: #0000ff;\">Correction algorithme 1<\/span><\/a>&#8212;<a href=\"http:\/\/www.ardacol.fr\/wp-content\/uploads\/2015\/07\/Correction-algorithme-2.pdf\"><span style=\"color: #0000ff;\">Correction algorithme 2&nbsp;&nbsp;&nbsp;&nbsp;&nbsp;&nbsp;<\/span><\/a><\/li>\n<\/ul>\n<hr>\n<h2><span style=\"color: #000000;\">Les \u00e9nergies<\/span><\/h2>\n<ul>\n<li><a href=\"http:\/\/www.ardacol.fr\/wp-content\/uploads\/2015\/07\/Fiche-\u00e9l\u00e8ve-les-\u00e9nergie-1.pdf\"><span style=\"color: #0000ff;\">Fiche activit\u00e9<\/span><\/a> &#8212; <a href=\"http:\/\/www.ardacol.fr\/wp-content\/uploads\/2015\/07\/Fiche-\u00e9l\u00e8ve-1-1.docx\">Fiche activit\u00e9 modifiable<\/a><\/li>\n<li>Ressources (<a href=\"https:\/\/drive.google.com\/drive\/folders\/1UoHI0T1BhgSdmszNFYUfG9Xof7hkV1Cs?usp=sharing\"><span style=\"color: #0000ff;\">Lien vers le Drive<\/span><\/a>)<\/li>\n<\/ul>\n<p>&nbsp;<\/p>\n<hr>\n","protected":false},"excerpt":{"rendered":"<p>Il \u00e9tait une fois la technologie en sixi\u00e8me \ud83d\ude41 Les projets : R\u00e9aliser un objet qui roule. Repr\u00e9senter les plan\u00e8tes sous forme de disque en papier carton (pour les utiliser dans la partie Algorithme de la prochaine s\u00e9ance) Fiche \u00e9l\u00e8ve &#8212; Fiche \u00e9l\u00e8ve modifiable Bar\u00e8me de notation de la mod\u00e9lisation des plan\u00e8tes (Notation &nbsp; &nbsp; [&hellip;]<\/p>\n","protected":false},"author":1,"featured_media":0,"parent":0,"menu_order":1,"comment_status":"open","ping_status":"closed","template":"template-fullwidth.php","meta":{"footnotes":""},"class_list":["post-25","page","type-page","status-publish","hentry"],"_links":{"self":[{"href":"http:\/\/www.ardacol.fr\/index.php\/wp-json\/wp\/v2\/pages\/25","targetHints":{"allow":["GET"]}}],"collection":[{"href":"http:\/\/www.ardacol.fr\/index.php\/wp-json\/wp\/v2\/pages"}],"about":[{"href":"http:\/\/www.ardacol.fr\/index.php\/wp-json\/wp\/v2\/types\/page"}],"author":[{"embeddable":true,"href":"http:\/\/www.ardacol.fr\/index.php\/wp-json\/wp\/v2\/users\/1"}],"replies":[{"embeddable":true,"href":"http:\/\/www.ardacol.fr\/index.php\/wp-json\/wp\/v2\/comments?post=25"}],"version-history":[{"count":32,"href":"http:\/\/www.ardacol.fr\/index.php\/wp-json\/wp\/v2\/pages\/25\/revisions"}],"predecessor-version":[{"id":1778,"href":"http:\/\/www.ardacol.fr\/index.php\/wp-json\/wp\/v2\/pages\/25\/revisions\/1778"}],"wp:attachment":[{"href":"http:\/\/www.ardacol.fr\/index.php\/wp-json\/wp\/v2\/media?parent=25"}],"curies":[{"name":"wp","href":"https:\/\/api.w.org\/{rel}","templated":true}]}}