{"id":603,"date":"2015-10-21T12:02:04","date_gmt":"2015-10-21T11:02:04","guid":{"rendered":"http:\/\/www.ardacol.fr\/?page_id=603"},"modified":"2016-03-12T21:50:57","modified_gmt":"2016-03-12T20:50:57","slug":"correction-4eme","status":"publish","type":"page","link":"http:\/\/www.ardacol.fr\/index.php\/niveau-troisieme-4eme\/correction-4eme\/","title":{"rendered":"Correction 4\u00e8me"},"content":{"rendered":"<h2><span style=\"color: #0000ff;\">-R\u00e9alisation d&rsquo;un signal SOS lumineux :\u00a0<\/span><\/h2>\n<ul>\n<li><span style=\"color: #ff0000;\"><a style=\"color: #ff0000;\" href=\"http:\/\/www.ardacol.fr\/wp-content\/uploads\/2015\/10\/chaine-fonctionnelle-correction.pdf\">Cha\u00eene fonctionnelle du signal SOS lumineux PDF<\/a>,\u00a0<a style=\"color: #ff0000;\" href=\"http:\/\/www.ardacol.fr\/wp-content\/uploads\/2015\/10\/chaine-fonctionnelle-correction.pptx\">Cha\u00eene fonctionnelle du signal SOS lumineux PowerPoint<\/a><\/span><\/li>\n<li><span style=\"color: #ff0000;\"><a style=\"color: #ff0000;\" href=\"http:\/\/www.ardacol.fr\/wp-content\/uploads\/2015\/10\/Programme-de-signal-SOS-lumineux.pdf\">Programme de signal SOS lumineux PDF<\/a>,\u00a0<a style=\"color: #ff0000;\" href=\"http:\/\/www.ardacol.fr\/wp-content\/uploads\/2015\/10\/Programme-de-signal-SOS-lumineux.docx\">Programme de signal SOS lumineux Word<\/a><\/span><\/li>\n<\/ul>\n<h2><span style=\"color: #0000ff;\">-R\u00e9alisation d&rsquo;un signal SOS sonore :\u00a0<\/span><\/h2>\n<ul>\n<li><span style=\"color: #ff0000;\"><a style=\"color: #ff0000;\" href=\"http:\/\/www.ardacol.fr\/wp-content\/uploads\/2015\/10\/chaine-fonctionnelle-correction2.pdf\">Cha\u00eene fonctionnelle d&rsquo;un signal SOS SONORE PDF<\/a>,\u00a0<\/span><span style=\"color: #ff0000;\"><a style=\"color: #ff0000;\" href=\"http:\/\/www.ardacol.fr\/wp-content\/uploads\/2015\/10\/chaine-fonctionnelle-correction2.pptx\">Cha\u00eene fonctionnelle d&rsquo;un signal SOS SONORE PowerPoint<\/a><\/span><\/li>\n<li><span style=\"color: #ff0000;\"><a style=\"color: #ff0000;\" href=\"http:\/\/www.ardacol.fr\/wp-content\/uploads\/2015\/10\/programme-complet-signal-sonore.pdf\">Programme du signal S.O.S sonore PDF<\/a><\/span><\/li>\n<\/ul>\n<h2><span style=\"color: #0000ff;\">-R\u00e9alisation d&rsquo;un syst\u00e8me pour aider M.Azouaou \u00e0 garer sa voiture :\u00a0<\/span><\/h2>\n<ul>\n<li><span style=\"color: #ff0000;\"><a style=\"color: #ff0000;\" href=\"http:\/\/www.ardacol.fr\/wp-content\/uploads\/2015\/10\/chaine-fonctionnelle-correction1.pdf\">Cha\u00eene fonctionnelle PDF<\/a>,\u00a0<a style=\"color: #ff0000;\" href=\"http:\/\/www.ardacol.fr\/wp-content\/uploads\/2015\/10\/chaine-fonctionnelle-correction1.pptx\">Cha\u00eene fonctionnelle PowerPoint<\/a><\/span><\/li>\n<li><span style=\"color: #ff0000;\"><a style=\"color: #ff0000;\" href=\"http:\/\/www.ardacol.fr\/wp-content\/uploads\/2015\/10\/Programme-correction.pdf\">Programme de d\u00e9tection PDF<\/a>,\u00a0<a style=\"color: #ff0000;\" href=\"http:\/\/www.ardacol.fr\/wp-content\/uploads\/2015\/10\/Programme-correction.docx\">Programme de d\u00e9tection Word<\/a><\/span><\/li>\n<\/ul>\n<h2><span style=\"color: #0000ff;\">-Allumer et \u00e9teindre une LED avec un Smartphone\u00a0:\u00a0<\/span><\/h2>\n<ul>\n<li><span style=\"color: #ff0000;\"><a style=\"color: #ff0000;\" href=\"http:\/\/www.ardacol.fr\/wp-content\/uploads\/2015\/10\/chaine-fonctionnelle-correction3.pdf\">Cha\u00eene fonctionnelle du syst\u00e8me pour allumer et \u00e9teindre une LED avec un Smartphone PDF<\/a>,<a style=\"color: #ff0000;\" href=\"http:\/\/www.ardacol.fr\/wp-content\/uploads\/2015\/10\/chaine-fonctionnelle-correction3.pptx\">Cha\u00eene fonctionnelle du syst\u00e8me pour allumer et \u00e9teindre une LED avec un Smartphone PowerPoint<\/a><\/span><\/li>\n<\/ul>\n","protected":false},"excerpt":{"rendered":"<p>-R\u00e9alisation d&rsquo;un signal SOS lumineux :\u00a0 Cha\u00eene fonctionnelle du signal SOS lumineux PDF,\u00a0Cha\u00eene fonctionnelle du signal SOS lumineux PowerPoint Programme de signal SOS lumineux PDF,\u00a0Programme de signal SOS lumineux Word -R\u00e9alisation d&rsquo;un signal SOS sonore :\u00a0 Cha\u00eene fonctionnelle d&rsquo;un signal SOS SONORE PDF,\u00a0Cha\u00eene fonctionnelle d&rsquo;un signal SOS SONORE PowerPoint Programme du signal S.O.S sonore PDF [&hellip;]<\/p>\n","protected":false},"author":1,"featured_media":0,"parent":21,"menu_order":0,"comment_status":"closed","ping_status":"closed","template":"template-fullwidth.php","meta":{"footnotes":""},"class_list":["post-603","page","type-page","status-publish","hentry"],"_links":{"self":[{"href":"http:\/\/www.ardacol.fr\/index.php\/wp-json\/wp\/v2\/pages\/603","targetHints":{"allow":["GET"]}}],"collection":[{"href":"http:\/\/www.ardacol.fr\/index.php\/wp-json\/wp\/v2\/pages"}],"about":[{"href":"http:\/\/www.ardacol.fr\/index.php\/wp-json\/wp\/v2\/types\/page"}],"author":[{"embeddable":true,"href":"http:\/\/www.ardacol.fr\/index.php\/wp-json\/wp\/v2\/users\/1"}],"replies":[{"embeddable":true,"href":"http:\/\/www.ardacol.fr\/index.php\/wp-json\/wp\/v2\/comments?post=603"}],"version-history":[{"count":11,"href":"http:\/\/www.ardacol.fr\/index.php\/wp-json\/wp\/v2\/pages\/603\/revisions"}],"predecessor-version":[{"id":991,"href":"http:\/\/www.ardacol.fr\/index.php\/wp-json\/wp\/v2\/pages\/603\/revisions\/991"}],"up":[{"embeddable":true,"href":"http:\/\/www.ardacol.fr\/index.php\/wp-json\/wp\/v2\/pages\/21"}],"wp:attachment":[{"href":"http:\/\/www.ardacol.fr\/index.php\/wp-json\/wp\/v2\/media?parent=603"}],"curies":[{"name":"wp","href":"https:\/\/api.w.org\/{rel}","templated":true}]}}