{"id":8,"date":"2015-07-29T17:15:32","date_gmt":"2015-07-29T16:15:32","guid":{"rendered":"http:\/\/www.ardacol.fr\/?page_id=8"},"modified":"2023-06-09T07:28:04","modified_gmt":"2023-06-09T06:28:04","slug":"niveau-troisieme","status":"publish","type":"page","link":"http:\/\/www.ardacol.fr\/index.php\/niveau-troisieme\/","title":{"rendered":"Niveau 3eme"},"content":{"rendered":"<ul>\n<li>\n<h3><a href=\"http:\/\/www.ardacol.fr\/index.php\/niveau-troisieme\/1446-2\/\"><span style=\"color: #ff0000;\"><u><span style=\"color: #ff0000;\">Des sujets DNB corrig\u00e9s<\/span><\/u><\/span><\/a> (S\u00e9rie g\u00e9n\u00e9rale)<\/h3>\n<\/li>\n<\/ul>\n<hr \/>\n<h2><span style=\"color: #000000;\">Les projets:<\/span><\/h2>\n<p>Ici vous allez trouver des ressources qui vous aideront \u00e0 constituer les projets avec les \u00e9l\u00e8ves de niveau troisi\u00e8me.<\/p>\n<p>Je d\u00e9taillerai les projets afin que l&rsquo;enseignant puisse les prendre en main et les proposer \u00e0 ses \u00e9l\u00e8ves.<\/p>\n<p>Vous trouverez \u00e9videment dans chaque projet :<strong><em>\u00a0les fiches \u00e9l\u00e8ves, les ressources et les fiches professeurs<\/em><\/strong> que vous pouvez t\u00e9l\u00e9charger et modifier ci-besoin.<\/p>\n<ul>\n<li><span style=\"text-decoration: underline;\"><span style=\"color: #0000ff;\"><a style=\"color: #0000ff; text-decoration: underline;\" href=\"http:\/\/www.ardacol.fr\/index.php\/niveau-troisieme\/maquette-dascenseur-pilote-par-un-smartphone\/\">R\u00e9alisation de maquette d&rsquo;ascenseur pilot\u00e9e par un Smartphone.<\/a><\/span><\/span><\/li>\n<li><span style=\"text-decoration: underline;\"><a href=\"http:\/\/www.ardacol.fr\/index.php\/niveau-troisieme\/realisation-dun-portail-automatique-pilote-par-un-smartphone\/\"><span style=\"color: #0000ff; text-decoration: underline;\">R\u00e9alisation d&rsquo;un portail automatique pilot\u00e9 par un Smartphone ( 2017 )<\/span><\/a><\/span><\/li>\n<li><a href=\"http:\/\/www.ardacol.fr\/index.php\/projet-abri-bus-2022\/\"><span style=\"color: #0000ff;\"><u>Projet Abri bus (<span style=\"color: #ff0000;\">2022<\/span>)<\/u><\/span><\/a><\/li>\n<\/ul>\n<hr \/>\n<h2><span style=\"color: #000000;\">Cha\u00eene de puissance<\/span><\/h2>\n<ul>\n<li><a href=\"http:\/\/www.ardacol.fr\/wp-content\/uploads\/2015\/07\/Cha\u00eene-de-puissance-2021.pdf\"><span style=\"color: #0000ff;\">Cours et activit\u00e9 Cha\u00eene de puissance<\/span><\/a><\/li>\n<li><a href=\"http:\/\/www.ardacol.fr\/wp-content\/uploads\/2015\/07\/Actionneur.pdf\">\u00a0<span style=\"color: #0000ff;\">Tableau actionneur<\/span><\/a><\/li>\n<li><a href=\"http:\/\/www.ardacol.fr\/wp-content\/uploads\/2015\/07\/Tableau-source-d\u00e9nergie.pdf\"><span style=\"color: #0000ff;\">Tableau source d&rsquo;\u00e9nergie<\/span><\/a><\/li>\n<li><a href=\"http:\/\/www.ardacol.fr\/wp-content\/uploads\/2015\/07\/Correction-cha\u00eene-cheuveux.pdf\"><span style=\"color: #0000ff;\">Correction s\u00e8che cheveux<\/span><\/a><\/li>\n<\/ul>\n<hr \/>\n","protected":false},"excerpt":{"rendered":"<p>Des sujets DNB corrig\u00e9s (S\u00e9rie g\u00e9n\u00e9rale) Les projets: Ici vous allez trouver des ressources qui vous aideront \u00e0 constituer les projets avec les \u00e9l\u00e8ves de niveau troisi\u00e8me. Je d\u00e9taillerai les projets afin que l&rsquo;enseignant puisse les prendre en main et les proposer \u00e0 ses \u00e9l\u00e8ves. Vous trouverez \u00e9videment dans chaque projet :\u00a0les fiches \u00e9l\u00e8ves, les [&hellip;]<\/p>\n","protected":false},"author":1,"featured_media":0,"parent":0,"menu_order":1,"comment_status":"open","ping_status":"open","template":"template-fullwidth.php","meta":{"footnotes":""},"class_list":["post-8","page","type-page","status-publish","hentry"],"_links":{"self":[{"href":"http:\/\/www.ardacol.fr\/index.php\/wp-json\/wp\/v2\/pages\/8","targetHints":{"allow":["GET"]}}],"collection":[{"href":"http:\/\/www.ardacol.fr\/index.php\/wp-json\/wp\/v2\/pages"}],"about":[{"href":"http:\/\/www.ardacol.fr\/index.php\/wp-json\/wp\/v2\/types\/page"}],"author":[{"embeddable":true,"href":"http:\/\/www.ardacol.fr\/index.php\/wp-json\/wp\/v2\/users\/1"}],"replies":[{"embeddable":true,"href":"http:\/\/www.ardacol.fr\/index.php\/wp-json\/wp\/v2\/comments?post=8"}],"version-history":[{"count":45,"href":"http:\/\/www.ardacol.fr\/index.php\/wp-json\/wp\/v2\/pages\/8\/revisions"}],"predecessor-version":[{"id":1843,"href":"http:\/\/www.ardacol.fr\/index.php\/wp-json\/wp\/v2\/pages\/8\/revisions\/1843"}],"wp:attachment":[{"href":"http:\/\/www.ardacol.fr\/index.php\/wp-json\/wp\/v2\/media?parent=8"}],"curies":[{"name":"wp","href":"https:\/\/api.w.org\/{rel}","templated":true}]}}