{"id":854,"date":"2015-12-15T15:36:37","date_gmt":"2015-12-15T14:36:37","guid":{"rendered":"http:\/\/www.ardacol.fr\/?page_id=854"},"modified":"2017-01-13T15:37:45","modified_gmt":"2017-01-13T14:37:45","slug":"allumer-et-eteindre-une-led-avec-un-smartphone","status":"publish","type":"page","link":"http:\/\/www.ardacol.fr\/index.php\/niveau-troisieme-4eme\/allumer-et-eteindre-une-led-avec-un-smartphone\/","title":{"rendered":"Allumer et \u00e9teindre une LED avec un Smartphone"},"content":{"rendered":"<p>Fiches \u00e9l\u00e8ves :<\/p>\n<ul>\n<li><span style=\"color: #0000ff;\"><a style=\"color: #0000ff;\" href=\"http:\/\/www.ardacol.fr\/wp-content\/uploads\/2015\/12\/Fiche-eleve-.docx\">Partie \u00e9lectronique Word<\/a>,\u00a0<a style=\"color: #0000ff;\" href=\"http:\/\/www.ardacol.fr\/wp-content\/uploads\/2015\/12\/Fiche-eleve-.pdf\">Partie \u00e9lectronique PDF<\/a><\/span><\/li>\n<li><span style=\"color: #0000ff;\"><a style=\"color: #0000ff;\" href=\"http:\/\/www.ardacol.fr\/wp-content\/uploads\/2015\/12\/Fiche-eleve-application-.docx\">Partie informatique Word<\/a>,\u00a0<a style=\"color: #0000ff;\" href=\"http:\/\/www.ardacol.fr\/wp-content\/uploads\/2015\/12\/Fiche-eleve-application-.pdf\">Partie Informatique PDF<\/a><\/span><\/li>\n<\/ul>\n<p>Les ressources :<\/p>\n<ul>\n<li>Partie \u00e9lectronique :\u00a0<span style=\"color: #0000ff;\"><a style=\"color: #0000ff;\" href=\"http:\/\/www.ardacol.fr\/wp-content\/uploads\/2015\/12\/chaine-fonctionnelle-a-completer.pdf\" target=\"_blank\">Cha\u00eene fonctionnelle PDF<\/a>,\u00a0<a style=\"color: #0000ff;\" href=\"http:\/\/www.ardacol.fr\/wp-content\/uploads\/2015\/12\/chaine-fonctionnelle-a-completer.pptx\" target=\"_blank\">Cha\u00eene fonctionnelle PowerPoint<\/a><\/span><\/li>\n<\/ul>\n<p><span style=\"color: #0000ff;\">\u00a0 \u00a0 \u00a0 \u00a0 \u00a0 \u00a0 \u00a0 \u00a0 \u00a0 \u00a0 \u00a0 \u00a0 \u00a0 \u00a0 \u00a0 \u00a0 \u00a0 \u00a0 \u00a0 \u00a0\u00a0<a style=\"color: #0000ff;\" href=\"http:\/\/www.ardacol.fr\/wp-content\/uploads\/2015\/12\/Schema-elctrique1.pdf\" target=\"_blank\">Sch\u00e9ma \u00e9lectrique PDF<\/a>,\u00a0<a style=\"color: #0000ff;\" href=\"http:\/\/www.ardacol.fr\/wp-content\/uploads\/2015\/12\/Schema-elctrique.pptx\" target=\"_blank\">Sch\u00e9ma \u00e9lectrique PawerPoint<\/a><\/span><\/p>\n<ul>\n<li>Partie informatique :\u00a0<span style=\"color: #0000ff;\"><a style=\"color: #0000ff;\" href=\"http:\/\/www.ardacol.fr\/wp-content\/uploads\/2015\/12\/Etapes-application-LED.pdf\">Application PDF<\/a><\/span><\/li>\n<\/ul>\n<p>Correction :<\/p>\n<p><span style=\"color: #ff0000;\"><a style=\"color: #ff0000;\" href=\"http:\/\/www.ardacol.fr\/index.php\/niveau-troisieme-4eme\/correction-4eme\/\" target=\"_blank\">Cha\u00eene fonctionnelle du syst\u00e8me pour allumer et \u00e9teindre la LED \u00e0 distance\u00a0<\/a><\/span><\/p>\n<p>Mat\u00e9riels n\u00e9cessaires :<\/p>\n<ul>\n<li>Carte Arduino, module Bluetooth, LED, r\u00e9sistance, plaque d&rsquo;essai, fil mal_mal, c\u00e2ble USB type A\/B.<\/li>\n<\/ul>\n<p>Logiciels n\u00e9cessaires :<\/p>\n<ul>\n<li>Arduino, ArduBlock, AppInventor<\/li>\n<\/ul>\n<hr \/>\n<p>Dans ce projet l&rsquo;\u00e9l\u00e8ve r\u00e9alisera une \u00e9tude compl\u00e8te d&rsquo;un syst\u00e8me permettant d&rsquo;allumer et \u00e9teindre une LED (\u00e0 distance) en utilisant un Smartphone.<\/p>\n<p><img decoding=\"async\" class=\"alignnone wp-image-859 size-full\" src=\"http:\/\/www.ardacol.fr\/wp-content\/uploads\/2015\/12\/Image_Smartphone_LED.jpg\" alt=\"Image_Smartphone_LED\" width=\"33%\" height=\"33%\" srcset=\"http:\/\/www.ardacol.fr\/wp-content\/uploads\/2015\/12\/Image_Smartphone_LED.jpg 366w, http:\/\/www.ardacol.fr\/wp-content\/uploads\/2015\/12\/Image_Smartphone_LED-300x270.jpg 300w, http:\/\/www.ardacol.fr\/wp-content\/uploads\/2015\/12\/Image_Smartphone_LED-250x225.jpg 250w\" sizes=\"(max-width: 366px) 100vw, 366px\" \/><\/p>\n<p>Le travail sera compos\u00e9 de deux parties:<\/p>\n<p><span style=\"text-decoration: underline;\"><strong>1-Partie \u00e9lectronique:<\/strong><\/span> l&rsquo;\u00e9l\u00e8ve d\u00e9terminera le mat\u00e9riel n\u00e9cessaire pour r\u00e9aliser le syst\u00e8me souhait\u00e9, r\u00e9alisera la cha\u00eene fonctionnelle, le sch\u00e9ma \u00e9lectrique et ins\u00e9rera le programme dans la carte Arduino.<br \/>\n<span style=\"text-decoration: underline;\"><strong>2-Partie informatique:<\/strong><\/span> l&rsquo;\u00e9l\u00e8ve r\u00e9alisera l&rsquo;application permettant de commander l&rsquo;allumage et l&rsquo;extinction de la LED \u00e0 distance.<\/p>\n<h1><\/h1>\n<h1><strong>1-Partie \u00e9lectronique<\/strong><\/h1>\n<p>R\u00e9pondre aux diff\u00e9rentes questions de la fiche suivante, en t&rsquo;aidant des ressources \u00ab\u00a0Partie \u00e9lectronique\u00a0\u00bb<\/p>\n<p><span style=\"text-decoration: underline;\"><strong>Fiche \u00e9l\u00e8ve:<\/strong><\/span><\/p>\n<hr \/>\n<p>&nbsp;<\/p>\n<p><img decoding=\"async\" class=\"alignnone wp-image-867 size-full\" src=\"http:\/\/www.ardacol.fr\/wp-content\/uploads\/2015\/12\/Fiche_eleve.gif\" alt=\"Fiche_eleve\" width=\"100%\" height=\"100%\" \/><\/p>\n<hr \/>\n<p>Avec les questions soulign\u00e9es en jaune dans la fiche \u00e9l\u00e8ve, lancez le d\u00e9bat avec vos \u00e9l\u00e8ves afin de d\u00e9terminer le syst\u00e8me et s\u2019assurer que tout le monde \u00e0 comprit que nous cherchons \u00e0 r\u00e9aliser un moyen de contr\u00f4le de l&rsquo;\u00e9clairage et de l&rsquo;extinction des lampes \u00e0 partir d&rsquo;un Smartphone.<\/p>\n<p>Par la suite leurs demander de r\u00e9pondre au plan de recherche, sachant que la premi\u00e8re question doit \u00eatre faite en groupe et que tout les \u00e9l\u00e8ves doivent partir de la m\u00eame liste des composants<\/p>\n<h1><span style=\"color: #0000ff;\">Plan de recherche :\u00a0<\/span><\/h1>\n<h2><strong><span style=\"color: #000000;\">D\u00e9terminer le mat\u00e9riel n\u00e9cessaire pour r\u00e9aliser le syst\u00e8me :\u00a0<\/span><\/strong><\/h2>\n<p>Sur un brouillon les \u00e9l\u00e8ves listeront les composants dont ils auront besoin pour r\u00e9pondre aux attentes de ce projet, par la suite le professeur les aidera et compl\u00e9tera la liste avec eux au tableau<\/p>\n<p>Donc la liste des composants :<\/p>\n<ol>\n<li>Carte arduino<\/li>\n<li>LED (lampe)<\/li>\n<li>R\u00e9sistance (Pourquoi monsieur ? pour prot\u00e9ger votre LED et ne pas la griller)<\/li>\n<li>Module Bluetooth<\/li>\n<li>Fils \u00e9lectriques<\/li>\n<li>Smartphone<\/li>\n<\/ol>\n<h2><strong>R\u00e9aliser la cha\u00eene fonctionnelle du syst\u00e8me :\u00a0<\/strong><\/h2>\n<p>A l&rsquo;aide de la liste des composants et du document ressource \u00ab\u00a0cha\u00eene fonctionnelle \u00e0 compl\u00e9ter\u00a0\u00bb, mettre les composants selon leurs r\u00f4les dans les bonnes cases.<\/p>\n<p><img decoding=\"async\" class=\"alignnone wp-image-883 size-full\" src=\"http:\/\/www.ardacol.fr\/wp-content\/uploads\/2015\/12\/Chaine-fonctionnelle-.jpg\" alt=\"Chaine fonctionnelle\" width=\"100%\" height=\"100%\" srcset=\"http:\/\/www.ardacol.fr\/wp-content\/uploads\/2015\/12\/Chaine-fonctionnelle-.jpg 953w, http:\/\/www.ardacol.fr\/wp-content\/uploads\/2015\/12\/Chaine-fonctionnelle--300x173.jpg 300w, http:\/\/www.ardacol.fr\/wp-content\/uploads\/2015\/12\/Chaine-fonctionnelle--250x144.jpg 250w\" sizes=\"(max-width: 953px) 100vw, 953px\" \/><\/p>\n<h2><strong>R\u00e9aliser le sch\u00e9ma \u00e9lectrique : <\/strong><\/h2>\n<p>Ouvrir le document ressource \u00ab\u00a0<span style=\"color: #0000ff;\"><a style=\"color: #0000ff;\" href=\"http:\/\/www.ardacol.fr\/wp-content\/uploads\/2015\/12\/Schema-elctrique.pdf\" target=\"_blank\">Sch\u00e9ma \u00e9lectrique<\/a><\/span>\u00a0\u00bb puis passer \u00e0 la r\u00e9alisation du sch\u00e9ma demand\u00e9.<img decoding=\"async\" class=\"wp-image-946 aligncenter\" src=\"http:\/\/www.ardacol.fr\/wp-content\/uploads\/2015\/12\/Schema-elctrique-image.jpg\" alt=\"Schema elctrique image\" width=\"50%\" height=\"60%\" srcset=\"http:\/\/www.ardacol.fr\/wp-content\/uploads\/2015\/12\/Schema-elctrique-image.jpg 417w, http:\/\/www.ardacol.fr\/wp-content\/uploads\/2015\/12\/Schema-elctrique-image-300x286.jpg 300w, http:\/\/www.ardacol.fr\/wp-content\/uploads\/2015\/12\/Schema-elctrique-image-250x239.jpg 250w\" sizes=\"(max-width: 417px) 100vw, 417px\" \/><\/p>\n<h1><strong>Programmer la carte :<\/strong><\/h1>\n<p>&nbsp;<\/p>\n<h2><strong>\u00a0Le programme sous <span style=\"color: #0000ff;\">ARDUBLOCK <\/span>(ou Arduino augment\u00e9):<\/strong><\/h2>\n<p>Ici vous allez trouver deux programmes, un premier avec d\u00e9claration de variable, celle-ci r\u00e9cup\u00e9rera l&rsquo;\u00e9tat de la lecture du port s\u00e9rie (information envoy\u00e9e par le smartphone sur le module bluetooth HC-05), et un second programme plus simple sans d\u00e9claration de variable.<\/p>\n<ul>\n<li>Programme avec d\u00e9claration de variable :<\/li>\n<\/ul>\n<p><img loading=\"lazy\" decoding=\"async\" class=\"alignnone size-full wp-image-1154\" src=\"http:\/\/www.ardacol.fr\/wp-content\/uploads\/2015\/12\/Programme-avec-ardublock-pour-allumer-et-eteindre-une-LED-avec-un-smartphone.jpg\" alt=\"\" width=\"1009\" height=\"416\" srcset=\"http:\/\/www.ardacol.fr\/wp-content\/uploads\/2015\/12\/Programme-avec-ardublock-pour-allumer-et-eteindre-une-LED-avec-un-smartphone.jpg 1009w, http:\/\/www.ardacol.fr\/wp-content\/uploads\/2015\/12\/Programme-avec-ardublock-pour-allumer-et-eteindre-une-LED-avec-un-smartphone-300x124.jpg 300w, http:\/\/www.ardacol.fr\/wp-content\/uploads\/2015\/12\/Programme-avec-ardublock-pour-allumer-et-eteindre-une-LED-avec-un-smartphone-768x317.jpg 768w, http:\/\/www.ardacol.fr\/wp-content\/uploads\/2015\/12\/Programme-avec-ardublock-pour-allumer-et-eteindre-une-LED-avec-un-smartphone-250x103.jpg 250w\" sizes=\"auto, (max-width: 1009px) 100vw, 1009px\" \/><\/p>\n<ul>\n<li>Programme sans d\u00e9claration de variable :<\/li>\n<\/ul>\n<p><img loading=\"lazy\" decoding=\"async\" class=\"alignnone size-full wp-image-1123\" src=\"http:\/\/www.ardacol.fr\/wp-content\/uploads\/2015\/12\/Commande-led-par-blkuetooth-sous-ardublock.jpg\" alt=\"commande-led-par-bluetooth-sous-ardublock\" width=\"980\" height=\"392\" srcset=\"http:\/\/www.ardacol.fr\/wp-content\/uploads\/2015\/12\/Commande-led-par-blkuetooth-sous-ardublock.jpg 980w, http:\/\/www.ardacol.fr\/wp-content\/uploads\/2015\/12\/Commande-led-par-blkuetooth-sous-ardublock-300x120.jpg 300w, http:\/\/www.ardacol.fr\/wp-content\/uploads\/2015\/12\/Commande-led-par-blkuetooth-sous-ardublock-768x307.jpg 768w, http:\/\/www.ardacol.fr\/wp-content\/uploads\/2015\/12\/Commande-led-par-blkuetooth-sous-ardublock-250x100.jpg 250w\" sizes=\"auto, (max-width: 980px) 100vw, 980px\" \/><\/p>\n<h2><strong>\u00a0Le programme sous <span style=\"color: #0000ff;\">Arduino <\/span>(<span style=\"color: #ff0000;\">Facultatif<\/span>) :<\/strong><\/h2>\n<p><a href=\"http:\/\/www.ardacol.fr\/wp-content\/uploads\/2015\/10\/Instruction_SerialRead_et_switch.gif\"><img decoding=\"async\" class=\"alignnone wp-image-476 size-full\" src=\"http:\/\/www.ardacol.fr\/wp-content\/uploads\/2015\/10\/Instruction_SerialRead_et_switch.gif\" alt=\"Instruction_SerialRead_et_switch\" width=\"100%\" height=\"100%\" \/><\/a><\/p>\n<h1><strong>2-Partie informatique :<\/strong><\/h1>\n<p>Ici les \u00e9l\u00e8ves passeront \u00e0 la r\u00e9alisation de l&rsquo;application de commande du syst\u00e8me.<\/p>\n<p><span style=\"text-decoration: underline;\"><strong>Fiche \u00e9l\u00e8ve:<\/strong><\/span><\/p>\n<hr \/>\n<p><img decoding=\"async\" class=\"alignnone wp-image-893 size-full\" src=\"http:\/\/www.ardacol.fr\/wp-content\/uploads\/2015\/12\/Fiche_eleve-application.jpg\" alt=\"Fiche_eleve application\" width=\"100%\" height=\"100%\" srcset=\"http:\/\/www.ardacol.fr\/wp-content\/uploads\/2015\/12\/Fiche_eleve-application.jpg 975w, http:\/\/www.ardacol.fr\/wp-content\/uploads\/2015\/12\/Fiche_eleve-application-300x151.jpg 300w, http:\/\/www.ardacol.fr\/wp-content\/uploads\/2015\/12\/Fiche_eleve-application-250x126.jpg 250w\" sizes=\"(max-width: 975px) 100vw, 975px\" \/><\/p>\n<hr \/>\n<p><span style=\"text-decoration: underline;\"><span style=\"color: #0000ff; text-decoration: underline;\"><a style=\"color: #0000ff; text-decoration: underline;\" href=\"http:\/\/www.ardacol.fr\/index.php\/application-led-dans-lenvironnement-appinventor\/\" target=\"_blank\">Pour voir les \u00e9tapes \u00e0 suivre afin de r\u00e9aliser l&rsquo;application cliquer ic<\/a><\/span><\/span><span style=\"color: #0000ff;\"><a style=\"color: #0000ff; text-decoration: underline;\" href=\"http:\/\/www.ardacol.fr\/index.php\/application-led-dans-lenvironnement-appinventor\/\" target=\"_blank\"><u>i<\/u><\/a>.<\/span><\/p>\n","protected":false},"excerpt":{"rendered":"<p>Fiches \u00e9l\u00e8ves : Partie \u00e9lectronique Word,\u00a0Partie \u00e9lectronique PDF Partie informatique Word,\u00a0Partie Informatique PDF Les ressources : Partie \u00e9lectronique :\u00a0Cha\u00eene fonctionnelle PDF,\u00a0Cha\u00eene fonctionnelle PowerPoint \u00a0 \u00a0 \u00a0 \u00a0 \u00a0 \u00a0 \u00a0 \u00a0 \u00a0 \u00a0 \u00a0 \u00a0 \u00a0 \u00a0 \u00a0 \u00a0 \u00a0 \u00a0 \u00a0 \u00a0\u00a0Sch\u00e9ma \u00e9lectrique PDF,\u00a0Sch\u00e9ma \u00e9lectrique PawerPoint Partie informatique :\u00a0Application PDF Correction : Cha\u00eene fonctionnelle [&hellip;]<\/p>\n","protected":false},"author":1,"featured_media":0,"parent":21,"menu_order":0,"comment_status":"closed","ping_status":"closed","template":"template-fullwidth.php","meta":{"footnotes":""},"class_list":["post-854","page","type-page","status-publish","hentry"],"_links":{"self":[{"href":"http:\/\/www.ardacol.fr\/index.php\/wp-json\/wp\/v2\/pages\/854","targetHints":{"allow":["GET"]}}],"collection":[{"href":"http:\/\/www.ardacol.fr\/index.php\/wp-json\/wp\/v2\/pages"}],"about":[{"href":"http:\/\/www.ardacol.fr\/index.php\/wp-json\/wp\/v2\/types\/page"}],"author":[{"embeddable":true,"href":"http:\/\/www.ardacol.fr\/index.php\/wp-json\/wp\/v2\/users\/1"}],"replies":[{"embeddable":true,"href":"http:\/\/www.ardacol.fr\/index.php\/wp-json\/wp\/v2\/comments?post=854"}],"version-history":[{"count":60,"href":"http:\/\/www.ardacol.fr\/index.php\/wp-json\/wp\/v2\/pages\/854\/revisions"}],"predecessor-version":[{"id":1163,"href":"http:\/\/www.ardacol.fr\/index.php\/wp-json\/wp\/v2\/pages\/854\/revisions\/1163"}],"up":[{"embeddable":true,"href":"http:\/\/www.ardacol.fr\/index.php\/wp-json\/wp\/v2\/pages\/21"}],"wp:attachment":[{"href":"http:\/\/www.ardacol.fr\/index.php\/wp-json\/wp\/v2\/media?parent=854"}],"curies":[{"name":"wp","href":"https:\/\/api.w.org\/{rel}","templated":true}]}}